{"id":27398,"date":"2025-09-26T15:22:44","date_gmt":"2025-09-26T13:22:44","guid":{"rendered":"https:\/\/dev.epflex.com\/?page_id=27398"},"modified":"2025-11-11T10:06:15","modified_gmt":"2025-11-11T09:06:15","slug":"download","status":"publish","type":"page","link":"https:\/\/www.epflex.com\/en\/download\/","title":{"rendered":"DOWNLOADS"},"content":{"rendered":"<p>[vc_row css_animation=&#8221;&#8221; row_type=&#8221;row&#8221; use_row_as_full_screen_section=&#8221;no&#8221; type=&#8221;full_width&#8221; angled_section=&#8221;no&#8221; text_align=&#8221;center&#8221; background_image_as_pattern=&#8221;without_pattern&#8221; z_index=&#8221;&#8221; padding_bottom=&#8221;80&#8243; padding_top=&#8221;0&#8243;][vc_column][vc_column_text]<\/p>\n<h1 style=\"text-align: center;\">DOWNLOAD AREA<\/h1>\n<p>[\/vc_column_text][\/vc_column][\/vc_row][vc_row css_animation=&#8221;&#8221; row_type=&#8221;row&#8221; use_row_as_full_screen_section=&#8221;no&#8221; type=&#8221;full_width&#8221; angled_section=&#8221;no&#8221; text_align=&#8221;left&#8221; background_image_as_pattern=&#8221;without_pattern&#8221; z_index=&#8221;&#8221; padding_bottom=&#8221;60&#8243;][vc_column][vc_column_text]Our download area provides a central overview of all brochures, datasheets, and information about our products and services \u2013 compact, up-to-date, and accessible anytime.[\/vc_column_text][\/vc_column][\/vc_row][vc_row css_animation=&#8221;&#8221; row_type=&#8221;row&#8221; use_row_as_full_screen_section=&#8221;no&#8221; type=&#8221;full_width&#8221; angled_section=&#8221;no&#8221; text_align=&#8221;left&#8221; background_image_as_pattern=&#8221;without_pattern&#8221; z_index=&#8221;&#8221; padding_bottom=&#8221;40&#8243;][vc_column][service_table title=&#8221;Brochures&#8221; title_tag=&#8221;h2&#8243; title_background_type=&#8221;background_color_type&#8221; icon_size=&#8221;fa-lg&#8221; content_background_color=&#8221;#efefef&#8221;]<\/p>\n<ul>\n<li>Products for <strong>Gastroenterology\u00a0 \u00a0<\/strong>[icons size=&#8221; custom_size=&#8217;15&#8217; icon=&#8217;fa-download&#8217; type=&#8217;normal&#8217; position=&#8221; border=&#8217;no&#8217; border_color=&#8221; icon_color=&#8217;#000000&#8242; background_color=&#8217;#RRGGBBAA&#8217; margin=&#8221; icon_animation=&#8221; icon_animation_delay=&#8221; link=&#8217;https:\/\/www.epflex.com\/wp-content\/uploads\/2025\/11\/20251027_EPflex-Gastro_EN_online.pdf&#8217; target=&#8217;_blank&#8217;]<\/li>\n<\/ul>\n<ul>\n<li>Products for <strong>Urology\u00a0 \u00a0<\/strong>[icons size=&#8221; custom_size=&#8217;15&#8217; icon=&#8217;fa-download&#8217; type=&#8217;normal&#8217; position=&#8221; border=&#8217;no&#8217; border_color=&#8221; icon_color=&#8217;#000000&#8242; background_color=&#8217;#RRGGBBAA&#8217; margin=&#8221; icon_animation=&#8221; icon_animation_delay=&#8221; link=&#8217;https:\/\/www.epflex.com\/wp-content\/uploads\/2025\/11\/20251014_EPflex-Uro_EN_online.pdf&#8217; target=&#8217;_blank&#8217;]<\/li>\n<\/ul>\n<ul>\n<li>Products for <strong>Vascular Surgery\u00a0 \u00a0<\/strong>[icons size=&#8221; custom_size=&#8217;15&#8217; icon=&#8217;fa-download&#8217; type=&#8217;normal&#8217; position=&#8221; border=&#8217;no&#8217; border_color=&#8221; icon_color=&#8217;#000000&#8242; background_color=&#8217;#RRGGBBAA&#8217; margin=&#8221; icon_animation=&#8221; icon_animation_delay=&#8221; link=&#8217;https:\/\/www.epflex.com\/wp-content\/uploads\/2025\/11\/20251014_EPflex-Angio_EN_online.pdf&#8217; target=&#8217;_blank&#8217;]<\/li>\n<\/ul>\n<ul>\n<li><strong>Packaging\u00a0 \u00a0<\/strong>[icons size=&#8221; custom_size=&#8217;15&#8217; icon=&#8217;fa-download&#8217; type=&#8217;normal&#8217; position=&#8221; border=&#8217;yes&#8217; border_color=&#8221; icon_color=&#8217;#000000&#8242; background_color=&#8217;#RRGGBBAA&#8217; margin=&#8221; icon_animation=&#8221; icon_animation_delay=&#8221; link=&#8217;https:\/\/www.epflex.com\/wp-content\/uploads\/2025\/11\/20251027_EPflex-Verpackung_EN_online.pdf&#8217; target=&#8217;_blank&#8217;]<\/li>\n<\/ul>\n<ul>\n<li><b>Contract Development<\/b> [icons size=&#8221; custom_size=&#8217;15&#8217; icon=&#8217;fa-download&#8217; type=&#8217;normal&#8217; position=&#8221; border=&#8217;yes&#8217; border_color=&#8221; icon_color=&#8217;#000000&#8242; background_color=&#8217;#RRGGBBAA&#8217; margin=&#8221; icon_animation=&#8221; icon_animation_delay=&#8221; link=&#8217;https:\/\/www.epflex.com\/wp-content\/uploads\/2025\/11\/20251027_EPflex_CD_EN_online.pdf&#8217; target=&#8217;_blank&#8217;]<\/li>\n<\/ul>\n<p>[\/service_table][\/vc_column][\/vc_row][vc_row css_animation=&#8221;&#8221; row_type=&#8221;row&#8221; use_row_as_full_screen_section=&#8221;no&#8221; type=&#8221;full_width&#8221; angled_section=&#8221;no&#8221; text_align=&#8221;left&#8221; background_image_as_pattern=&#8221;without_pattern&#8221; z_index=&#8221;&#8221; padding_bottom=&#8221;40&#8243;][vc_column][service_table title=&#8221;Certificates&#8221; title_tag=&#8221;h2&#8243; title_background_type=&#8221;background_color_type&#8221; icon_size=&#8221;fa-lg&#8221; content_background_color=&#8221;#efefef&#8221;]<\/p>\n<ul>\n<li><strong>ISO 13485 Certificate\u00a0 \u00a0<\/strong>[icons size=&#8221; custom_size=&#8217;15&#8217; icon=&#8217;fa-download&#8217; type=&#8217;normal&#8217; position=&#8221; border=&#8217;no&#8217; border_color=&#8221; icon_color=&#8217;#000000&#8242; background_color=&#8217;#RRGGBBAA&#8217; margin=&#8221; icon_animation=&#8221; icon_animation_delay=&#8221; link=&#8217;https:\/\/www.epflex.com\/wp-content\/uploads\/2025\/03\/ISO13458_2028-03-21-englisch.pdf&#8217; target=&#8217;_blank&#8217;]<\/li>\n<\/ul>\n<ul>\n<li><strong>EU MDR QMS-Certificate<\/strong>\u00a0 [icons size=&#8221; custom_size=&#8217;15&#8217; icon=&#8217;fa-download&#8217; type=&#8217;normal&#8217; position=&#8221; border=&#8217;no&#8217; border_color=&#8221; icon_color=&#8217;#000000&#8242; background_color=&#8217;#RRGGBBAA&#8217; margin=&#8221; icon_animation=&#8221; icon_animation_delay=&#8221; link=&#8217;https:\/\/www.epflex.com\/wp-content\/uploads\/2024\/09\/EU_QM_Zertifikat.pdf&#8217; target=&#8217;_blank&#8217;]<\/li>\n<\/ul>\n<ul>\n<li><strong>EU MDR techn. Documentation Certificate<\/strong>\u00a0 [icons size=&#8221; custom_size=&#8217;15&#8217; icon=&#8217;fa-download&#8217; type=&#8217;normal&#8217; position=&#8221; border=&#8217;no&#8217; border_color=&#8221; icon_color=&#8217;#000000&#8242; background_color=&#8217;#RRGGBBAA&#8217; margin=&#8221; icon_animation=&#8221; icon_animation_delay=&#8221; link=&#8217;https:\/\/www.epflex.com\/wp-content\/uploads\/2024\/09\/EU_TD_certificate.pdf&#8217; target=&#8217;_blank&#8217;].<\/li>\n<\/ul>\n<p>[\/service_table][\/vc_column][\/vc_row][vc_row css_animation=&#8221;&#8221; row_type=&#8221;row&#8221; use_row_as_full_screen_section=&#8221;no&#8221; type=&#8221;full_width&#8221; angled_section=&#8221;no&#8221; text_align=&#8221;left&#8221; background_image_as_pattern=&#8221;without_pattern&#8221; z_index=&#8221;&#8221; padding_bottom=&#8221;80&#8243;][vc_column][service_table title=&#8221;Instructions for use for products with CE labeling&#8221; title_tag=&#8221;h2&#8243; title_background_type=&#8221;background_color_type&#8221; icon_size=&#8221;fa-lg&#8221; content_background_color=&#8221;#efefef&#8221;]<\/p>\n<ul>\n<li>IFU <strong>Stone Retrieval Devices<\/strong> [icons size=&#8221; custom_size=&#8217;15&#8217; icon=&#8217;fa-download&#8217; type=&#8217;normal&#8217; position=&#8221; border=&#8217;no&#8217; border_color=&#8221; icon_color=&#8217;#000000&#8242; background_color=&#8217;#RRGGBBAA&#8217; margin=&#8221; icon_animation=&#8221; icon_animation_delay=&#8221; link=&#8217;https:\/\/www.epflex.com\/wp-content\/uploads\/2025\/10\/IFU_SRD_Is_83026873.pdf&#8217; target=&#8217;_blank&#8217;]<\/li>\n<li>IFU <strong>Guidewires for CCA<\/strong> [icons size=&#8221; custom_size=&#8217;15&#8217; icon=&#8217;fa-download&#8217; type=&#8217;normal&#8217; position=&#8221; border=&#8217;no&#8217; border_color=&#8221; icon_color=&#8217;#000000&#8242; background_color=&#8217;#RRGGBBAA&#8217; margin=&#8221; icon_animation=&#8221; icon_animation_delay=&#8221; link=&#8217;https:\/\/www.epflex.com\/wp-content\/uploads\/2025\/10\/IFU_GWIII_83026871.pdf&#8217; target=&#8217;_blank&#8217;]<\/li>\n<li>IFU <strong>Guidewires for PA<\/strong>\u00a0[icons size=&#8221; custom_size=&#8217;15&#8217; icon=&#8217;fa-download&#8217; type=&#8217;normal&#8217; position=&#8221; border=&#8217;no&#8217; border_color=&#8221; icon_color=&#8217;#000000&#8242; background_color=&#8217;#RRGGBBAA&#8217; margin=&#8221; icon_animation=&#8221; icon_animation_delay=&#8221; link=&#8217;https:\/\/www.epflex.com\/wp-content\/uploads\/2025\/10\/IFU_GWIIa_83026872.pdf&#8217; target=&#8217;_blank&#8217;]<\/li>\n<\/ul>\n<p>[\/service_table][\/vc_column][\/vc_row]<\/p>\n","protected":false},"excerpt":{"rendered":"<p>[vc_row css_animation=&#8221;&#8221; row_type=&#8221;row&#8221; use_row_as_full_screen_section=&#8221;no&#8221; type=&#8221;full_width&#8221; angled_section=&#8221;no&#8221; text_align=&#8221;center&#8221; background_image_as_pattern=&#8221;without_pattern&#8221; z_index=&#8221;&#8221; padding_bottom=&#8221;80&#8243; padding_top=&#8221;0&#8243;][vc_column][vc_column_text] DOWNLOAD AREA [\/vc_column_text][\/vc_column][\/vc_row][vc_row css_animation=&#8221;&#8221; row_type=&#8221;row&#8221; use_row_as_full_screen_section=&#8221;no&#8221; type=&#8221;full_width&#8221; angled_section=&#8221;no&#8221; text_align=&#8221;left&#8221; background_image_as_pattern=&#8221;without_pattern&#8221; z_index=&#8221;&#8221; padding_bottom=&#8221;60&#8243;][vc_column][vc_column_text]Our download area provides a central overview of all brochures, datasheets, and information about our products and services \u2013 compact, up-to-date, and accessible anytime.[\/vc_column_text][\/vc_column][\/vc_row][vc_row css_animation=&#8221;&#8221; row_type=&#8221;row&#8221; use_row_as_full_screen_section=&#8221;no&#8221; type=&#8221;full_width&#8221; angled_section=&#8221;no&#8221; text_align=&#8221;left&#8221; background_image_as_pattern=&#8221;without_pattern&#8221; z_index=&#8221;&#8221; padding_bottom=&#8221;40&#8243;][vc_column][service_table [&hellip;]<\/p>\n","protected":false},"author":11,"featured_media":0,"parent":0,"menu_order":0,"comment_status":"closed","ping_status":"closed","template":"","meta":{"inline_featured_image":false,"footnotes":""},"class_list":["post-27398","page","type-page","status-publish","hentry"],"yoast_head":"<!-- This site is optimized with the Yoast SEO plugin v27.4 - https:\/\/yoast.com\/product\/yoast-seo-wordpress\/ -->\n<title>Downloads | EPflex<\/title>\n<meta name=\"description\" content=\"All brochures, IFUs, and information about our products and services are available in the central download area.\" \/>\n<meta name=\"robots\" content=\"index, follow, max-snippet:-1, max-image-preview:large, max-video-preview:-1\" \/>\n<link rel=\"canonical\" href=\"https:\/\/www.epflex.com\/en\/download\/\" \/>\n<meta property=\"og:locale\" content=\"en_US\" \/>\n<meta property=\"og:type\" content=\"article\" \/>\n<meta property=\"og:title\" content=\"Downloads | EPflex\" \/>\n<meta property=\"og:description\" content=\"All brochures, IFUs, and information about our products and services are available in the central download area.\" \/>\n<meta property=\"og:url\" content=\"https:\/\/www.epflex.com\/en\/download\/\" \/>\n<meta property=\"og:site_name\" content=\"EPflex\" \/>\n<meta property=\"article:modified_time\" content=\"2025-11-11T09:06:15+00:00\" \/>\n<meta name=\"twitter:card\" content=\"summary_large_image\" \/>\n<meta name=\"twitter:label1\" content=\"Est. reading time\" \/>\n\t<meta name=\"twitter:data1\" content=\"2 minutes\" \/>\n<script type=\"application\/ld+json\" class=\"yoast-schema-graph\">{\"@context\":\"https:\\\/\\\/schema.org\",\"@graph\":[{\"@type\":\"WebPage\",\"@id\":\"https:\\\/\\\/www.epflex.com\\\/en\\\/download\\\/\",\"url\":\"https:\\\/\\\/www.epflex.com\\\/en\\\/download\\\/\",\"name\":\"Downloads | EPflex\",\"isPartOf\":{\"@id\":\"https:\\\/\\\/www.epflex.com\\\/en\\\/#website\"},\"datePublished\":\"2025-09-26T13:22:44+00:00\",\"dateModified\":\"2025-11-11T09:06:15+00:00\",\"description\":\"All brochures, IFUs, and information about our products and services are available in the central download area.\",\"breadcrumb\":{\"@id\":\"https:\\\/\\\/www.epflex.com\\\/en\\\/download\\\/#breadcrumb\"},\"inLanguage\":\"en-US\",\"potentialAction\":[{\"@type\":\"ReadAction\",\"target\":[\"https:\\\/\\\/www.epflex.com\\\/en\\\/download\\\/\"]}]},{\"@type\":\"BreadcrumbList\",\"@id\":\"https:\\\/\\\/www.epflex.com\\\/en\\\/download\\\/#breadcrumb\",\"itemListElement\":[{\"@type\":\"ListItem\",\"position\":1,\"name\":\"Startseite\",\"item\":\"https:\\\/\\\/www.epflex.com\\\/en\\\/\"},{\"@type\":\"ListItem\",\"position\":2,\"name\":\"DOWNLOADS\"}]},{\"@type\":\"WebSite\",\"@id\":\"https:\\\/\\\/www.epflex.com\\\/en\\\/#website\",\"url\":\"https:\\\/\\\/www.epflex.com\\\/en\\\/\",\"name\":\"EPflex\",\"description\":\"F\u00fchrungsdr\u00e4hte und Steinfangk\u00f6rbchen f\u00fcr die minimalinvasive Medizin\",\"publisher\":{\"@id\":\"https:\\\/\\\/www.epflex.com\\\/en\\\/#organization\"},\"potentialAction\":[{\"@type\":\"SearchAction\",\"target\":{\"@type\":\"EntryPoint\",\"urlTemplate\":\"https:\\\/\\\/www.epflex.com\\\/en\\\/?s={search_term_string}\"},\"query-input\":{\"@type\":\"PropertyValueSpecification\",\"valueRequired\":true,\"valueName\":\"search_term_string\"}}],\"inLanguage\":\"en-US\"},{\"@type\":\"Organization\",\"@id\":\"https:\\\/\\\/www.epflex.com\\\/en\\\/#organization\",\"name\":\"EPflex\",\"url\":\"https:\\\/\\\/www.epflex.com\\\/en\\\/\",\"logo\":{\"@type\":\"ImageObject\",\"inLanguage\":\"en-US\",\"@id\":\"https:\\\/\\\/www.epflex.com\\\/en\\\/#\\\/schema\\\/logo\\\/image\\\/\",\"url\":\"https:\\\/\\\/www.epflex.com\\\/wp-content\\\/uploads\\\/2025\\\/11\\\/EPflex_Logo.svg\",\"contentUrl\":\"https:\\\/\\\/www.epflex.com\\\/wp-content\\\/uploads\\\/2025\\\/11\\\/EPflex_Logo.svg\",\"caption\":\"EPflex\"},\"image\":{\"@id\":\"https:\\\/\\\/www.epflex.com\\\/en\\\/#\\\/schema\\\/logo\\\/image\\\/\"}}]}<\/script>\n<!-- \/ Yoast SEO plugin. -->","yoast_head_json":{"title":"Downloads | EPflex","description":"All brochures, IFUs, and information about our products and services are available in the central download area.","robots":{"index":"index","follow":"follow","max-snippet":"max-snippet:-1","max-image-preview":"max-image-preview:large","max-video-preview":"max-video-preview:-1"},"canonical":"https:\/\/www.epflex.com\/en\/download\/","og_locale":"en_US","og_type":"article","og_title":"Downloads | EPflex","og_description":"All brochures, IFUs, and information about our products and services are available in the central download area.","og_url":"https:\/\/www.epflex.com\/en\/download\/","og_site_name":"EPflex","article_modified_time":"2025-11-11T09:06:15+00:00","twitter_card":"summary_large_image","twitter_misc":{"Est. reading time":"2 minutes"},"schema":{"@context":"https:\/\/schema.org","@graph":[{"@type":"WebPage","@id":"https:\/\/www.epflex.com\/en\/download\/","url":"https:\/\/www.epflex.com\/en\/download\/","name":"Downloads | EPflex","isPartOf":{"@id":"https:\/\/www.epflex.com\/en\/#website"},"datePublished":"2025-09-26T13:22:44+00:00","dateModified":"2025-11-11T09:06:15+00:00","description":"All brochures, IFUs, and information about our products and services are available in the central download area.","breadcrumb":{"@id":"https:\/\/www.epflex.com\/en\/download\/#breadcrumb"},"inLanguage":"en-US","potentialAction":[{"@type":"ReadAction","target":["https:\/\/www.epflex.com\/en\/download\/"]}]},{"@type":"BreadcrumbList","@id":"https:\/\/www.epflex.com\/en\/download\/#breadcrumb","itemListElement":[{"@type":"ListItem","position":1,"name":"Startseite","item":"https:\/\/www.epflex.com\/en\/"},{"@type":"ListItem","position":2,"name":"DOWNLOADS"}]},{"@type":"WebSite","@id":"https:\/\/www.epflex.com\/en\/#website","url":"https:\/\/www.epflex.com\/en\/","name":"EPflex","description":"F\u00fchrungsdr\u00e4hte und Steinfangk\u00f6rbchen f\u00fcr die minimalinvasive Medizin","publisher":{"@id":"https:\/\/www.epflex.com\/en\/#organization"},"potentialAction":[{"@type":"SearchAction","target":{"@type":"EntryPoint","urlTemplate":"https:\/\/www.epflex.com\/en\/?s={search_term_string}"},"query-input":{"@type":"PropertyValueSpecification","valueRequired":true,"valueName":"search_term_string"}}],"inLanguage":"en-US"},{"@type":"Organization","@id":"https:\/\/www.epflex.com\/en\/#organization","name":"EPflex","url":"https:\/\/www.epflex.com\/en\/","logo":{"@type":"ImageObject","inLanguage":"en-US","@id":"https:\/\/www.epflex.com\/en\/#\/schema\/logo\/image\/","url":"https:\/\/www.epflex.com\/wp-content\/uploads\/2025\/11\/EPflex_Logo.svg","contentUrl":"https:\/\/www.epflex.com\/wp-content\/uploads\/2025\/11\/EPflex_Logo.svg","caption":"EPflex"},"image":{"@id":"https:\/\/www.epflex.com\/en\/#\/schema\/logo\/image\/"}}]}},"_links":{"self":[{"href":"https:\/\/www.epflex.com\/en\/wp-json\/wp\/v2\/pages\/27398","targetHints":{"allow":["GET"]}}],"collection":[{"href":"https:\/\/www.epflex.com\/en\/wp-json\/wp\/v2\/pages"}],"about":[{"href":"https:\/\/www.epflex.com\/en\/wp-json\/wp\/v2\/types\/page"}],"author":[{"embeddable":true,"href":"https:\/\/www.epflex.com\/en\/wp-json\/wp\/v2\/users\/11"}],"replies":[{"embeddable":true,"href":"https:\/\/www.epflex.com\/en\/wp-json\/wp\/v2\/comments?post=27398"}],"version-history":[{"count":0,"href":"https:\/\/www.epflex.com\/en\/wp-json\/wp\/v2\/pages\/27398\/revisions"}],"wp:attachment":[{"href":"https:\/\/www.epflex.com\/en\/wp-json\/wp\/v2\/media?parent=27398"}],"curies":[{"name":"wp","href":"https:\/\/api.w.org\/{rel}","templated":true}]}}