{"id":23286,"date":"2023-05-03T16:43:28","date_gmt":"2023-05-03T14:43:28","guid":{"rendered":"https:\/\/dev.epflex.com\/?page_id=23286"},"modified":"2026-03-19T17:00:42","modified_gmt":"2026-03-19T16:00:42","slug":"students","status":"publish","type":"page","link":"https:\/\/www.epflex.com\/en\/students\/","title":{"rendered":"SPACE FOR CLEVER MINDS"},"content":{"rendered":"\t\t<div data-elementor-type=\"wp-page\" data-elementor-id=\"23286\" class=\"elementor elementor-23286 elementor-23285\" data-elementor-post-type=\"page\">\n\t\t\t\t<div class=\"elementor-element elementor-element-1b2573c e-flex e-con-boxed e-con e-parent\" data-id=\"1b2573c\" data-element_type=\"container\" data-e-type=\"container\" data-settings=\"{&quot;background_background&quot;:&quot;classic&quot;}\">\n\t\t\t\t\t<div class=\"e-con-inner\">\n\t\t\t\t\t<\/div>\n\t\t\t\t<\/div>\n\t\t<div class=\"elementor-element elementor-element-5762cc8 e-flex e-con-boxed e-con e-parent\" data-id=\"5762cc8\" data-element_type=\"container\" data-e-type=\"container\">\n\t\t\t\t\t<div class=\"e-con-inner\">\n\t\t\t\t<div class=\"elementor-element elementor-element-1d67bee elementor-widget elementor-widget-heading\" data-id=\"1d67bee\" data-element_type=\"widget\" data-e-type=\"widget\" data-widget_type=\"heading.default\">\n\t\t\t\t\t<h1 class=\"elementor-heading-title elementor-size-default\">We are a team of inventors and creators with passion and offer you space for your professional perspective!<\/h1>\t\t\t\t<\/div>\n\t\t\t\t<div class=\"elementor-element elementor-element-7c8652c elementor-widget elementor-widget-text-editor\" data-id=\"7c8652c\" data-element_type=\"widget\" data-e-type=\"widget\" data-widget_type=\"text-editor.default\">\n\t\t\t\t\t\t\t\t\t<p>As an innovative family business with flat hierarchies, we give you maximum creative freedom. You can quickly take on responsibility and thus fully exploit your development potential with us. Clever minds with a spirit of development and tinker gene, who would like to contribute their ideas to a constantly growing company, are exactly what we are looking for.<\/p>\t\t\t\t\t\t\t\t<\/div>\n\t\t\t\t<div class=\"elementor-element elementor-element-02394a6 elementor-align-center elementor-widget elementor-widget-button\" data-id=\"02394a6\" data-element_type=\"widget\" data-e-type=\"widget\" data-widget_type=\"button.default\">\n\t\t\t\t\t\t\t\t\t\t<a class=\"elementor-button elementor-button-link elementor-size-sm\" href=\"https:\/\/www.epflex.com\/wp-content\/uploads\/2026\/03\/20260319_Flyer_Studenten_online.pdf\" target=\"_blank\">\n\t\t\t\t\t\t<span class=\"elementor-button-content-wrapper\">\n\t\t\t\t\t\t<span class=\"elementor-button-icon\">\n\t\t\t\t<svg aria-hidden=\"true\" class=\"e-font-icon-svg e-fas-download\" viewBox=\"0 0 512 512\" xmlns=\"http:\/\/www.w3.org\/2000\/svg\"><path d=\"M216 0h80c13.3 0 24 10.7 24 24v168h87.7c17.8 0 26.7 21.5 14.1 34.1L269.7 378.3c-7.5 7.5-19.8 7.5-27.3 0L90.1 226.1c-12.6-12.6-3.7-34.1 14.1-34.1H192V24c0-13.3 10.7-24 24-24zm296 376v112c0 13.3-10.7 24-24 24H24c-13.3 0-24-10.7-24-24V376c0-13.3 10.7-24 24-24h146.7l49 49c20.1 20.1 52.5 20.1 72.6 0l49-49H488c13.3 0 24 10.7 24 24zm-124 88c0-11-9-20-20-20s-20 9-20 20 9 20 20 20 20-9 20-20zm64 0c0-11-9-20-20-20s-20 9-20 20 9 20 20 20 20-9 20-20z\"><\/path><\/svg>\t\t\t<\/span>\n\t\t\t\t\t\t\t\t\t<span class=\"elementor-button-text\">Flyer pupils\/students<\/span>\n\t\t\t\t\t<\/span>\n\t\t\t\t\t<\/a>\n\t\t\t\t\t\t\t\t<\/div>\n\t\t\t\t\t<\/div>\n\t\t\t\t<\/div>\n\t\t<div class=\"elementor-element elementor-element-0aa8b29 e-flex e-con-boxed e-con e-parent\" data-id=\"0aa8b29\" data-element_type=\"container\" data-e-type=\"container\" data-settings=\"{&quot;background_background&quot;:&quot;classic&quot;}\">\n\t\t\t\t\t<div class=\"e-con-inner\">\n\t\t\t\t<div class=\"elementor-element elementor-element-e2a4071 elementor-widget elementor-widget-heading\" data-id=\"e2a4071\" data-element_type=\"widget\" data-e-type=\"widget\" data-widget_type=\"heading.default\">\n\t\t\t\t\t<h2 class=\"elementor-heading-title elementor-size-default\">Jobs for Pupils\/Students<\/h2>\t\t\t\t<\/div>\n\t\t\t\t<div class=\"elementor-element elementor-element-71a0ceb elementor-align-center elementor-widget elementor-widget-button\" data-id=\"71a0ceb\" data-element_type=\"widget\" data-e-type=\"widget\" data-widget_type=\"button.default\">\n\t\t\t\t\t\t\t\t\t\t<a class=\"elementor-button elementor-button-link elementor-size-sm\" href=\"https:\/\/www.epflex.com\/schuelerstudenten\/\">\n\t\t\t\t\t\t<span class=\"elementor-button-content-wrapper\">\n\t\t\t\t\t\t<span class=\"elementor-button-icon\">\n\t\t\t\t<svg aria-hidden=\"true\" class=\"e-font-icon-svg e-fas-arrow-circle-right\" viewBox=\"0 0 512 512\" xmlns=\"http:\/\/www.w3.org\/2000\/svg\"><path d=\"M256 8c137 0 248 111 248 248S393 504 256 504 8 393 8 256 119 8 256 8zm-28.9 143.6l75.5 72.4H120c-13.3 0-24 10.7-24 24v16c0 13.3 10.7 24 24 24h182.6l-75.5 72.4c-9.7 9.3-9.9 24.8-.4 34.3l11 10.9c9.4 9.4 24.6 9.4 33.9 0L404.3 273c9.4-9.4 9.4-24.6 0-33.9L271.6 106.3c-9.4-9.4-24.6-9.4-33.9 0l-11 10.9c-9.5 9.6-9.3 25.1.4 34.4z\"><\/path><\/svg>\t\t\t<\/span>\n\t\t\t\t\t\t\t\t\t<span class=\"elementor-button-text\">Please check the German page<\/span>\n\t\t\t\t\t<\/span>\n\t\t\t\t\t<\/a>\n\t\t\t\t\t\t\t\t<\/div>\n\t\t\t\t\t<\/div>\n\t\t\t\t<\/div>\n\t\t<div class=\"elementor-element elementor-element-a538d25 e-flex e-con-boxed e-con e-parent\" data-id=\"a538d25\" data-element_type=\"container\" data-e-type=\"container\" data-settings=\"{&quot;background_background&quot;:&quot;classic&quot;}\">\n\t\t\t\t\t<div class=\"e-con-inner\">\n\t\t\t\t<div class=\"elementor-element elementor-element-52aa4e2 elementor-widget elementor-widget-heading\" data-id=\"52aa4e2\" data-element_type=\"widget\" data-e-type=\"widget\" data-widget_type=\"heading.default\">\n\t\t\t\t\t<h2 class=\"elementor-heading-title elementor-size-default\">Benefits<\/h2>\t\t\t\t<\/div>\n\t\t<div class=\"elementor-element elementor-element-f04f220 e-con-full e-flex e-con e-child\" data-id=\"f04f220\" data-element_type=\"container\" data-e-type=\"container\">\n\t\t<div class=\"elementor-element elementor-element-2864911 e-con-full e-flex e-con e-child\" data-id=\"2864911\" data-element_type=\"container\" data-e-type=\"container\">\n\t\t\t\t<div class=\"elementor-element elementor-element-08e065a elementor-widget elementor-widget-image\" data-id=\"08e065a\" data-element_type=\"widget\" data-e-type=\"widget\" data-widget_type=\"image.default\">\n\t\t\t\t\t\t\t\t\t\t\t\t\t\t\t<img decoding=\"async\" width=\"108\" height=\"108\" src=\"https:\/\/www.epflex.com\/wp-content\/uploads\/2025\/12\/Icon_Karriereseite_Innovativ.png\" class=\"attachment-large size-large wp-image-29310\" alt=\"\" \/>\t\t\t\t\t\t\t\t\t\t\t\t\t\t\t<\/div>\n\t\t\t\t<div class=\"elementor-element elementor-element-f03cc3a elementor-widget elementor-widget-text-editor\" data-id=\"f03cc3a\" data-element_type=\"widget\" data-e-type=\"widget\" data-widget_type=\"text-editor.default\">\n\t\t\t\t\t\t\t\t\t<p>Innovative medical technology company with plenty of room for your development<\/p>\t\t\t\t\t\t\t\t<\/div>\n\t\t\t\t<\/div>\n\t\t<div class=\"elementor-element elementor-element-43968b7 e-con-full e-flex e-con e-child\" data-id=\"43968b7\" data-element_type=\"container\" data-e-type=\"container\">\n\t\t\t\t<div class=\"elementor-element elementor-element-f420b28 elementor-widget elementor-widget-image\" data-id=\"f420b28\" data-element_type=\"widget\" data-e-type=\"widget\" data-widget_type=\"image.default\">\n\t\t\t\t\t\t\t\t\t\t\t\t\t\t\t<img decoding=\"async\" width=\"108\" height=\"108\" src=\"https:\/\/www.epflex.com\/wp-content\/uploads\/2025\/12\/Icon_Karriereseite_Zeit.png\" class=\"attachment-large size-large wp-image-29176\" alt=\"\" \/>\t\t\t\t\t\t\t\t\t\t\t\t\t\t\t<\/div>\n\t\t\t\t<div class=\"elementor-element elementor-element-3b05011 elementor-widget elementor-widget-text-editor\" data-id=\"3b05011\" data-element_type=\"widget\" data-e-type=\"widget\" data-widget_type=\"text-editor.default\">\n\t\t\t\t\t\t\t\t\t<p>Flexitime and time <br \/>off in lieu<\/p>\t\t\t\t\t\t\t\t<\/div>\n\t\t\t\t<\/div>\n\t\t<div class=\"elementor-element elementor-element-dd66362 e-con-full e-flex e-con e-child\" data-id=\"dd66362\" data-element_type=\"container\" data-e-type=\"container\">\n\t\t\t\t<div class=\"elementor-element elementor-element-6ef48d1 elementor-widget elementor-widget-image\" data-id=\"6ef48d1\" data-element_type=\"widget\" data-e-type=\"widget\" data-widget_type=\"image.default\">\n\t\t\t\t\t\t\t\t\t\t\t\t\t\t\t<img decoding=\"async\" width=\"107\" height=\"107\" src=\"https:\/\/www.epflex.com\/wp-content\/uploads\/2025\/12\/Icon_Karriereseite_Team.png\" class=\"attachment-large size-large wp-image-29313\" alt=\"\" \/>\t\t\t\t\t\t\t\t\t\t\t\t\t\t\t<\/div>\n\t\t\t\t<div class=\"elementor-element elementor-element-7fc7e19 elementor-widget elementor-widget-text-editor\" data-id=\"7fc7e19\" data-element_type=\"widget\" data-e-type=\"widget\" data-widget_type=\"text-editor.default\">\n\t\t\t\t\t\t\t\t\t<p>Familiar environment and a team that is always at your side<\/p>\t\t\t\t\t\t\t\t<\/div>\n\t\t\t\t<\/div>\n\t\t\t\t<\/div>\n\t\t<div class=\"elementor-element elementor-element-dd6a119 e-con-full e-flex e-con e-child\" data-id=\"dd6a119\" data-element_type=\"container\" data-e-type=\"container\">\n\t\t<div class=\"elementor-element elementor-element-4de98dd e-con-full e-flex e-con e-child\" data-id=\"4de98dd\" data-element_type=\"container\" data-e-type=\"container\">\n\t\t\t\t<div class=\"elementor-element elementor-element-465279a elementor-widget elementor-widget-image\" data-id=\"465279a\" data-element_type=\"widget\" data-e-type=\"widget\" data-widget_type=\"image.default\">\n\t\t\t\t\t\t\t\t\t\t\t\t\t\t\t<img loading=\"lazy\" decoding=\"async\" width=\"107\" height=\"107\" src=\"https:\/\/www.epflex.com\/wp-content\/uploads\/2025\/12\/Icon_Karriereseite_Produktion.png\" class=\"attachment-large size-large wp-image-29188\" alt=\"\" \/>\t\t\t\t\t\t\t\t\t\t\t\t\t\t\t<\/div>\n\t\t\t\t<div class=\"elementor-element elementor-element-2523905 elementor-widget elementor-widget-text-editor\" data-id=\"2523905\" data-element_type=\"widget\" data-e-type=\"widget\" data-widget_type=\"text-editor.default\">\n\t\t\t\t\t\t\t\t\t<p>Modern working environment and equipment and in-house technology centre<\/p>\t\t\t\t\t\t\t\t<\/div>\n\t\t\t\t<\/div>\n\t\t<div class=\"elementor-element elementor-element-4d6df65 e-con-full e-flex e-con e-child\" data-id=\"4d6df65\" data-element_type=\"container\" data-e-type=\"container\">\n\t\t\t\t<div class=\"elementor-element elementor-element-47d3ee5 elementor-widget elementor-widget-image\" data-id=\"47d3ee5\" data-element_type=\"widget\" data-e-type=\"widget\" data-widget_type=\"image.default\">\n\t\t\t\t\t\t\t\t\t\t\t\t\t\t\t<img loading=\"lazy\" decoding=\"async\" width=\"108\" height=\"108\" src=\"https:\/\/www.epflex.com\/wp-content\/uploads\/2025\/12\/Icon_Karriereseite_Tasche.png\" class=\"attachment-large size-large wp-image-29197\" alt=\"\" \/>\t\t\t\t\t\t\t\t\t\t\t\t\t\t\t<\/div>\n\t\t\t\t<div class=\"elementor-element elementor-element-cd39618 elementor-widget elementor-widget-text-editor\" data-id=\"cd39618\" data-element_type=\"widget\" data-e-type=\"widget\" data-widget_type=\"text-editor.default\">\n\t\t\t\t\t\t\t\t\t<p>Attractive employee discounts<\/p>\t\t\t\t\t\t\t\t<\/div>\n\t\t\t\t<\/div>\n\t\t<div class=\"elementor-element elementor-element-4e9c038 e-con-full e-flex e-con e-child\" data-id=\"4e9c038\" data-element_type=\"container\" data-e-type=\"container\">\n\t\t\t\t<div class=\"elementor-element elementor-element-6cf267d elementor-widget elementor-widget-image\" data-id=\"6cf267d\" data-element_type=\"widget\" data-e-type=\"widget\" data-widget_type=\"image.default\">\n\t\t\t\t\t\t\t\t\t\t\t\t\t\t\t<img loading=\"lazy\" decoding=\"async\" width=\"108\" height=\"108\" src=\"https:\/\/www.epflex.com\/wp-content\/uploads\/2025\/12\/Icon_Karriereseite_Mitarbeiterevents.png\" class=\"attachment-large size-large wp-image-29191\" alt=\"\" \/>\t\t\t\t\t\t\t\t\t\t\t\t\t\t\t<\/div>\n\t\t\t\t<div class=\"elementor-element elementor-element-2945ea1 elementor-widget elementor-widget-text-editor\" data-id=\"2945ea1\" data-element_type=\"widget\" data-e-type=\"widget\" data-widget_type=\"text-editor.default\">\n\t\t\t\t\t\t\t\t\t<p>Employee and company events<\/p>\t\t\t\t\t\t\t\t<\/div>\n\t\t\t\t<\/div>\n\t\t\t\t<\/div>\n\t\t<div class=\"elementor-element elementor-element-fdb1cf7 e-con-full e-flex e-con e-child\" data-id=\"fdb1cf7\" data-element_type=\"container\" data-e-type=\"container\">\n\t\t<div class=\"elementor-element elementor-element-52cfc10 e-con-full e-flex e-con e-child\" data-id=\"52cfc10\" data-element_type=\"container\" data-e-type=\"container\">\n\t\t\t\t<div class=\"elementor-element elementor-element-8bd9fa4 elementor-widget elementor-widget-image\" data-id=\"8bd9fa4\" data-element_type=\"widget\" data-e-type=\"widget\" data-widget_type=\"image.default\">\n\t\t\t\t\t\t\t\t\t\t\t\t\t\t\t<img loading=\"lazy\" decoding=\"async\" width=\"108\" height=\"108\" src=\"https:\/\/www.epflex.com\/wp-content\/uploads\/2025\/12\/Icon_Karriereseite_Sport.png\" class=\"attachment-large size-large wp-image-29194\" alt=\"\" \/>\t\t\t\t\t\t\t\t\t\t\t\t\t\t\t<\/div>\n\t\t\t\t<div class=\"elementor-element elementor-element-cfac7e2 elementor-widget elementor-widget-text-editor\" data-id=\"cfac7e2\" data-element_type=\"widget\" data-e-type=\"widget\" data-widget_type=\"text-editor.default\">\n\t\t\t\t\t\t\t\t\t<p>Sports activities and cooperation with a fitness centre<\/p>\t\t\t\t\t\t\t\t<\/div>\n\t\t\t\t<\/div>\n\t\t<div class=\"elementor-element elementor-element-1fd9f8b e-con-full e-flex e-con e-child\" data-id=\"1fd9f8b\" data-element_type=\"container\" data-e-type=\"container\">\n\t\t\t\t<\/div>\n\t\t<div class=\"elementor-element elementor-element-60cbcf6 e-con-full e-flex e-con e-child\" data-id=\"60cbcf6\" data-element_type=\"container\" data-e-type=\"container\">\n\t\t\t\t<\/div>\n\t\t\t\t<\/div>\n\t\t\t\t\t<\/div>\n\t\t\t\t<\/div>\n\t\t<div class=\"elementor-element elementor-element-7e9d084 e-flex e-con-boxed e-con e-parent\" data-id=\"7e9d084\" data-element_type=\"container\" data-e-type=\"container\">\n\t\t\t\t\t<div class=\"e-con-inner\">\n\t\t\t\t<div class=\"elementor-element elementor-element-4d15cfe elementor-widget elementor-widget-heading\" data-id=\"4d15cfe\" data-element_type=\"widget\" data-e-type=\"widget\" data-widget_type=\"heading.default\">\n\t\t\t\t\t<h2 class=\"elementor-heading-title elementor-size-default\">Apply Now!<\/h2>\t\t\t\t<\/div>\n\t\t\t\t<div class=\"elementor-element elementor-element-a3092c1 elementor-view-default elementor-widget elementor-widget-icon\" data-id=\"a3092c1\" data-element_type=\"widget\" data-e-type=\"widget\" data-widget_type=\"icon.default\">\n\t\t\t\t\t\t\t<div class=\"elementor-icon-wrapper\">\n\t\t\t<div class=\"elementor-icon\">\n\t\t\t<svg aria-hidden=\"true\" class=\"e-font-icon-svg e-fas-envelope-open-text\" viewBox=\"0 0 512 512\" xmlns=\"http:\/\/www.w3.org\/2000\/svg\"><path d=\"M176 216h160c8.84 0 16-7.16 16-16v-16c0-8.84-7.16-16-16-16H176c-8.84 0-16 7.16-16 16v16c0 8.84 7.16 16 16 16zm-16 80c0 8.84 7.16 16 16 16h160c8.84 0 16-7.16 16-16v-16c0-8.84-7.16-16-16-16H176c-8.84 0-16 7.16-16 16v16zm96 121.13c-16.42 0-32.84-5.06-46.86-15.19L0 250.86V464c0 26.51 21.49 48 48 48h416c26.51 0 48-21.49 48-48V250.86L302.86 401.94c-14.02 10.12-30.44 15.19-46.86 15.19zm237.61-254.18c-8.85-6.94-17.24-13.47-29.61-22.81V96c0-26.51-21.49-48-48-48h-77.55c-3.04-2.2-5.87-4.26-9.04-6.56C312.6 29.17 279.2-.35 256 0c-23.2-.35-56.59 29.17-73.41 41.44-3.17 2.3-6 4.36-9.04 6.56H96c-26.51 0-48 21.49-48 48v44.14c-12.37 9.33-20.76 15.87-29.61 22.81A47.995 47.995 0 0 0 0 200.72v10.65l96 69.35V96h320v184.72l96-69.35v-10.65c0-14.74-6.78-28.67-18.39-37.77z\"><\/path><\/svg>\t\t\t<\/div>\n\t\t<\/div>\n\t\t\t\t\t\t<\/div>\n\t\t\t\t<div class=\"elementor-element elementor-element-d97f7a3 elementor-widget elementor-widget-text-editor\" data-id=\"d97f7a3\" data-element_type=\"widget\" data-e-type=\"widget\" data-widget_type=\"text-editor.default\">\n\t\t\t\t\t\t\t\t\t<p><a href=\"mailto:bewerbungen@epflex.com\">bewerbungen@epflex.com<\/a><\/p>\t\t\t\t\t\t\t\t<\/div>\n\t\t\t\t\t<\/div>\n\t\t\t\t<\/div>\n\t\t\t\t<\/div>\n\t\t","protected":false},"excerpt":{"rendered":"<p>We are a team of inventors and creators with passion and offer you space for your professional perspective! As an innovative family business with flat hierarchies, we give you maximum creative freedom. You can quickly take on responsibility and thus fully exploit your development potential with us. Clever minds with a spirit of development and [&hellip;]<\/p>\n","protected":false},"author":11,"featured_media":0,"parent":0,"menu_order":0,"comment_status":"closed","ping_status":"closed","template":"","meta":{"inline_featured_image":false,"footnotes":""},"class_list":["post-23286","page","type-page","status-publish","hentry"],"yoast_head":"<!-- This site is optimized with the Yoast SEO plugin v27.5 - https:\/\/yoast.com\/product\/yoast-seo-wordpress\/ -->\n<title>Start your career with EPflex!<\/title>\n<meta name=\"description\" content=\"You are a creator or inventor and you are looking for a job, aYou are a tinker or creator, student or pupil and looking for a thesis, an internship or a job?\" \/>\n<meta name=\"robots\" content=\"index, follow, max-snippet:-1, max-image-preview:large, max-video-preview:-1\" \/>\n<link rel=\"canonical\" href=\"https:\/\/www.epflex.com\/en\/students\/\" \/>\n<meta property=\"og:locale\" content=\"en_US\" \/>\n<meta property=\"og:type\" content=\"article\" \/>\n<meta property=\"og:title\" content=\"Start your career with EPflex!\" \/>\n<meta property=\"og:description\" content=\"You are a creator or inventor and you are looking for a job, aYou are a tinker or creator, student or pupil and looking for a thesis, an internship or a job?\" \/>\n<meta property=\"og:url\" content=\"https:\/\/www.epflex.com\/en\/students\/\" \/>\n<meta property=\"og:site_name\" content=\"EPflex\" \/>\n<meta property=\"article:modified_time\" content=\"2026-03-19T16:00:42+00:00\" \/>\n<meta property=\"og:image\" content=\"https:\/\/www.epflex.com\/wp-content\/uploads\/2025\/12\/Icon_Karriereseite_Innovativ.png\" \/>\n\t<meta property=\"og:image:width\" content=\"108\" \/>\n\t<meta property=\"og:image:height\" content=\"108\" \/>\n\t<meta property=\"og:image:type\" content=\"image\/png\" \/>\n<meta name=\"twitter:card\" content=\"summary_large_image\" \/>\n<meta name=\"twitter:label1\" content=\"Est. reading time\" \/>\n\t<meta name=\"twitter:data1\" content=\"1 minute\" \/>\n<script type=\"application\/ld+json\" class=\"yoast-schema-graph\">{\"@context\":\"https:\\\/\\\/schema.org\",\"@graph\":[{\"@type\":\"WebPage\",\"@id\":\"https:\\\/\\\/www.epflex.com\\\/en\\\/students\\\/\",\"url\":\"https:\\\/\\\/www.epflex.com\\\/en\\\/students\\\/\",\"name\":\"Start your career with EPflex!\",\"isPartOf\":{\"@id\":\"https:\\\/\\\/www.epflex.com\\\/en\\\/#website\"},\"primaryImageOfPage\":{\"@id\":\"https:\\\/\\\/www.epflex.com\\\/en\\\/students\\\/#primaryimage\"},\"image\":{\"@id\":\"https:\\\/\\\/www.epflex.com\\\/en\\\/students\\\/#primaryimage\"},\"thumbnailUrl\":\"https:\\\/\\\/www.epflex.com\\\/wp-content\\\/uploads\\\/2025\\\/12\\\/Icon_Karriereseite_Innovativ.png\",\"datePublished\":\"2023-05-03T14:43:28+00:00\",\"dateModified\":\"2026-03-19T16:00:42+00:00\",\"description\":\"You are a creator or inventor and you are looking for a job, aYou are a tinker or creator, student or pupil and looking for a thesis, an internship or a job?\",\"breadcrumb\":{\"@id\":\"https:\\\/\\\/www.epflex.com\\\/en\\\/students\\\/#breadcrumb\"},\"inLanguage\":\"en-US\",\"potentialAction\":[{\"@type\":\"ReadAction\",\"target\":[\"https:\\\/\\\/www.epflex.com\\\/en\\\/students\\\/\"]}]},{\"@type\":\"ImageObject\",\"inLanguage\":\"en-US\",\"@id\":\"https:\\\/\\\/www.epflex.com\\\/en\\\/students\\\/#primaryimage\",\"url\":\"https:\\\/\\\/www.epflex.com\\\/wp-content\\\/uploads\\\/2025\\\/12\\\/Icon_Karriereseite_Innovativ.png\",\"contentUrl\":\"https:\\\/\\\/www.epflex.com\\\/wp-content\\\/uploads\\\/2025\\\/12\\\/Icon_Karriereseite_Innovativ.png\"},{\"@type\":\"BreadcrumbList\",\"@id\":\"https:\\\/\\\/www.epflex.com\\\/en\\\/students\\\/#breadcrumb\",\"itemListElement\":[{\"@type\":\"ListItem\",\"position\":1,\"name\":\"Startseite\",\"item\":\"https:\\\/\\\/www.epflex.com\\\/en\\\/\"},{\"@type\":\"ListItem\",\"position\":2,\"name\":\"SPACE FOR CLEVER MINDS\"}]},{\"@type\":\"WebSite\",\"@id\":\"https:\\\/\\\/www.epflex.com\\\/en\\\/#website\",\"url\":\"https:\\\/\\\/www.epflex.com\\\/en\\\/\",\"name\":\"EPflex\",\"description\":\"F\u00fchrungsdr\u00e4hte und Steinfangk\u00f6rbchen f\u00fcr die minimalinvasive Medizin\",\"publisher\":{\"@id\":\"https:\\\/\\\/www.epflex.com\\\/en\\\/#organization\"},\"potentialAction\":[{\"@type\":\"SearchAction\",\"target\":{\"@type\":\"EntryPoint\",\"urlTemplate\":\"https:\\\/\\\/www.epflex.com\\\/en\\\/?s={search_term_string}\"},\"query-input\":{\"@type\":\"PropertyValueSpecification\",\"valueRequired\":true,\"valueName\":\"search_term_string\"}}],\"inLanguage\":\"en-US\"},{\"@type\":\"Organization\",\"@id\":\"https:\\\/\\\/www.epflex.com\\\/en\\\/#organization\",\"name\":\"EPflex\",\"url\":\"https:\\\/\\\/www.epflex.com\\\/en\\\/\",\"logo\":{\"@type\":\"ImageObject\",\"inLanguage\":\"en-US\",\"@id\":\"https:\\\/\\\/www.epflex.com\\\/en\\\/#\\\/schema\\\/logo\\\/image\\\/\",\"url\":\"https:\\\/\\\/www.epflex.com\\\/wp-content\\\/uploads\\\/2025\\\/11\\\/EPflex_Logo.svg\",\"contentUrl\":\"https:\\\/\\\/www.epflex.com\\\/wp-content\\\/uploads\\\/2025\\\/11\\\/EPflex_Logo.svg\",\"caption\":\"EPflex\"},\"image\":{\"@id\":\"https:\\\/\\\/www.epflex.com\\\/en\\\/#\\\/schema\\\/logo\\\/image\\\/\"}}]}<\/script>\n<!-- \/ Yoast SEO plugin. -->","yoast_head_json":{"title":"Start your career with EPflex!","description":"You are a creator or inventor and you are looking for a job, aYou are a tinker or creator, student or pupil and looking for a thesis, an internship or a job?","robots":{"index":"index","follow":"follow","max-snippet":"max-snippet:-1","max-image-preview":"max-image-preview:large","max-video-preview":"max-video-preview:-1"},"canonical":"https:\/\/www.epflex.com\/en\/students\/","og_locale":"en_US","og_type":"article","og_title":"Start your career with EPflex!","og_description":"You are a creator or inventor and you are looking for a job, aYou are a tinker or creator, student or pupil and looking for a thesis, an internship or a job?","og_url":"https:\/\/www.epflex.com\/en\/students\/","og_site_name":"EPflex","article_modified_time":"2026-03-19T16:00:42+00:00","og_image":[{"width":108,"height":108,"url":"https:\/\/www.epflex.com\/wp-content\/uploads\/2025\/12\/Icon_Karriereseite_Innovativ.png","type":"image\/png"}],"twitter_card":"summary_large_image","twitter_misc":{"Est. reading time":"1 minute"},"schema":{"@context":"https:\/\/schema.org","@graph":[{"@type":"WebPage","@id":"https:\/\/www.epflex.com\/en\/students\/","url":"https:\/\/www.epflex.com\/en\/students\/","name":"Start your career with EPflex!","isPartOf":{"@id":"https:\/\/www.epflex.com\/en\/#website"},"primaryImageOfPage":{"@id":"https:\/\/www.epflex.com\/en\/students\/#primaryimage"},"image":{"@id":"https:\/\/www.epflex.com\/en\/students\/#primaryimage"},"thumbnailUrl":"https:\/\/www.epflex.com\/wp-content\/uploads\/2025\/12\/Icon_Karriereseite_Innovativ.png","datePublished":"2023-05-03T14:43:28+00:00","dateModified":"2026-03-19T16:00:42+00:00","description":"You are a creator or inventor and you are looking for a job, aYou are a tinker or creator, student or pupil and looking for a thesis, an internship or a job?","breadcrumb":{"@id":"https:\/\/www.epflex.com\/en\/students\/#breadcrumb"},"inLanguage":"en-US","potentialAction":[{"@type":"ReadAction","target":["https:\/\/www.epflex.com\/en\/students\/"]}]},{"@type":"ImageObject","inLanguage":"en-US","@id":"https:\/\/www.epflex.com\/en\/students\/#primaryimage","url":"https:\/\/www.epflex.com\/wp-content\/uploads\/2025\/12\/Icon_Karriereseite_Innovativ.png","contentUrl":"https:\/\/www.epflex.com\/wp-content\/uploads\/2025\/12\/Icon_Karriereseite_Innovativ.png"},{"@type":"BreadcrumbList","@id":"https:\/\/www.epflex.com\/en\/students\/#breadcrumb","itemListElement":[{"@type":"ListItem","position":1,"name":"Startseite","item":"https:\/\/www.epflex.com\/en\/"},{"@type":"ListItem","position":2,"name":"SPACE FOR CLEVER MINDS"}]},{"@type":"WebSite","@id":"https:\/\/www.epflex.com\/en\/#website","url":"https:\/\/www.epflex.com\/en\/","name":"EPflex","description":"F\u00fchrungsdr\u00e4hte und Steinfangk\u00f6rbchen f\u00fcr die minimalinvasive Medizin","publisher":{"@id":"https:\/\/www.epflex.com\/en\/#organization"},"potentialAction":[{"@type":"SearchAction","target":{"@type":"EntryPoint","urlTemplate":"https:\/\/www.epflex.com\/en\/?s={search_term_string}"},"query-input":{"@type":"PropertyValueSpecification","valueRequired":true,"valueName":"search_term_string"}}],"inLanguage":"en-US"},{"@type":"Organization","@id":"https:\/\/www.epflex.com\/en\/#organization","name":"EPflex","url":"https:\/\/www.epflex.com\/en\/","logo":{"@type":"ImageObject","inLanguage":"en-US","@id":"https:\/\/www.epflex.com\/en\/#\/schema\/logo\/image\/","url":"https:\/\/www.epflex.com\/wp-content\/uploads\/2025\/11\/EPflex_Logo.svg","contentUrl":"https:\/\/www.epflex.com\/wp-content\/uploads\/2025\/11\/EPflex_Logo.svg","caption":"EPflex"},"image":{"@id":"https:\/\/www.epflex.com\/en\/#\/schema\/logo\/image\/"}}]}},"_links":{"self":[{"href":"https:\/\/www.epflex.com\/en\/wp-json\/wp\/v2\/pages\/23286","targetHints":{"allow":["GET"]}}],"collection":[{"href":"https:\/\/www.epflex.com\/en\/wp-json\/wp\/v2\/pages"}],"about":[{"href":"https:\/\/www.epflex.com\/en\/wp-json\/wp\/v2\/types\/page"}],"author":[{"embeddable":true,"href":"https:\/\/www.epflex.com\/en\/wp-json\/wp\/v2\/users\/11"}],"replies":[{"embeddable":true,"href":"https:\/\/www.epflex.com\/en\/wp-json\/wp\/v2\/comments?post=23286"}],"version-history":[{"count":3,"href":"https:\/\/www.epflex.com\/en\/wp-json\/wp\/v2\/pages\/23286\/revisions"}],"predecessor-version":[{"id":29895,"href":"https:\/\/www.epflex.com\/en\/wp-json\/wp\/v2\/pages\/23286\/revisions\/29895"}],"wp:attachment":[{"href":"https:\/\/www.epflex.com\/en\/wp-json\/wp\/v2\/media?parent=23286"}],"curies":[{"name":"wp","href":"https:\/\/api.w.org\/{rel}","templated":true}]}}