{"id":23065,"date":"2023-04-26T14:24:14","date_gmt":"2023-04-26T12:24:14","guid":{"rendered":"https:\/\/dev.epflex.com\/?page_id=23065"},"modified":"2025-12-17T16:27:25","modified_gmt":"2025-12-17T15:27:25","slug":"visionandmission","status":"publish","type":"page","link":"https:\/\/www.epflex.com\/en\/company\/visionandmission\/","title":{"rendered":"Vision &#038; Mission"},"content":{"rendered":"\t\t<div data-elementor-type=\"wp-page\" data-elementor-id=\"23065\" class=\"elementor elementor-23065 elementor-23064\" data-elementor-post-type=\"page\">\n\t\t\t\t<div class=\"elementor-element elementor-element-629b8ee e-flex e-con-boxed e-con e-parent\" data-id=\"629b8ee\" data-element_type=\"container\" data-e-type=\"container\" data-settings=\"{&quot;background_background&quot;:&quot;classic&quot;}\">\n\t\t\t\t\t<div class=\"e-con-inner\">\n\t\t\t\t<div class=\"elementor-element elementor-element-16cc89d elementor-widget elementor-widget-heading\" data-id=\"16cc89d\" data-element_type=\"widget\" data-e-type=\"widget\" data-widget_type=\"heading.default\">\n\t\t\t\t\t<h1 class=\"elementor-heading-title elementor-size-default\">Our Vision &amp; Mission<\/h1>\t\t\t\t<\/div>\n\t\t<div class=\"elementor-element elementor-element-a1ec57a e-con-full e-flex e-con e-child\" data-id=\"a1ec57a\" data-element_type=\"container\" data-e-type=\"container\" data-settings=\"{&quot;background_background&quot;:&quot;classic&quot;}\">\n\t\t\t\t<div class=\"elementor-element elementor-element-08514b7 elementor-widget elementor-widget-text-editor\" data-id=\"08514b7\" data-element_type=\"widget\" data-e-type=\"widget\" data-widget_type=\"text-editor.default\">\n\t\t\t\t\t\t\t\t\t<p>\u00abWith our innovative medical devices, we push the boundaries of minimally invasive surgery every day and set new standards for interventions. For patients, this means shorter procedures, less pain and faster recovery.\u00bb<\/p>\t\t\t\t\t\t\t\t<\/div>\n\t\t\t\t<\/div>\n\t\t\t\t\t<\/div>\n\t\t\t\t<\/div>\n\t\t<div class=\"elementor-element elementor-element-2e9d2eb e-flex e-con-boxed e-con e-parent\" data-id=\"2e9d2eb\" data-element_type=\"container\" data-e-type=\"container\">\n\t\t\t\t\t<div class=\"e-con-inner\">\n\t\t\t\t<div class=\"elementor-element elementor-element-b70d7d1 elementor-widget elementor-widget-heading\" data-id=\"b70d7d1\" data-element_type=\"widget\" data-e-type=\"widget\" data-widget_type=\"heading.default\">\n\t\t\t\t\t<h2 class=\"elementor-heading-title elementor-size-default\">Our Values<\/h2>\t\t\t\t<\/div>\n\t\t\t\t<div class=\"elementor-element elementor-element-de6d748 elementor-widget elementor-widget-image\" data-id=\"de6d748\" data-element_type=\"widget\" data-e-type=\"widget\" data-widget_type=\"image.default\">\n\t\t\t\t\t\t\t\t\t\t\t\t\t\t\t<img fetchpriority=\"high\" decoding=\"async\" width=\"800\" height=\"773\" src=\"https:\/\/www.epflex.com\/wp-content\/uploads\/2025\/12\/Icon-Zukunft.png\" class=\"attachment-large size-large wp-image-29016\" alt=\"\" srcset=\"https:\/\/www.epflex.com\/wp-content\/uploads\/2025\/12\/Icon-Zukunft.png 957w, https:\/\/www.epflex.com\/wp-content\/uploads\/2025\/12\/Icon-Zukunft-300x290.png 300w, https:\/\/www.epflex.com\/wp-content\/uploads\/2025\/12\/Icon-Zukunft-768x742.png 768w\" sizes=\"(max-width: 800px) 100vw, 800px\" \/>\t\t\t\t\t\t\t\t\t\t\t\t\t\t\t<\/div>\n\t\t\t\t<div class=\"elementor-element elementor-element-54b1d07 elementor-widget elementor-widget-text-editor\" data-id=\"54b1d07\" data-element_type=\"widget\" data-e-type=\"widget\" data-widget_type=\"text-editor.default\">\n\t\t\t\t\t\t\t\t\t<p>We are focused on long-term success, not short-term profit.<\/p>\t\t\t\t\t\t\t\t<\/div>\n\t\t\t\t<div class=\"elementor-element elementor-element-fe91bee elementor-widget elementor-widget-image\" data-id=\"fe91bee\" data-element_type=\"widget\" data-e-type=\"widget\" data-widget_type=\"image.default\">\n\t\t\t\t\t\t\t\t\t\t\t\t\t\t\t<img decoding=\"async\" width=\"800\" height=\"773\" src=\"https:\/\/www.epflex.com\/wp-content\/uploads\/2025\/12\/Erfinder.png\" class=\"attachment-large size-large wp-image-29019\" alt=\"\" srcset=\"https:\/\/www.epflex.com\/wp-content\/uploads\/2025\/12\/Erfinder.png 957w, https:\/\/www.epflex.com\/wp-content\/uploads\/2025\/12\/Erfinder-300x290.png 300w, https:\/\/www.epflex.com\/wp-content\/uploads\/2025\/12\/Erfinder-768x742.png 768w\" sizes=\"(max-width: 800px) 100vw, 800px\" \/>\t\t\t\t\t\t\t\t\t\t\t\t\t\t\t<\/div>\n\t\t\t\t<div class=\"elementor-element elementor-element-0994114 elementor-widget elementor-widget-text-editor\" data-id=\"0994114\" data-element_type=\"widget\" data-e-type=\"widget\" data-widget_type=\"text-editor.default\">\n\t\t\t\t\t\t\t\t\t<p>We are open to innovation and change. Inventive spirit is important to us.<\/p>\t\t\t\t\t\t\t\t<\/div>\n\t\t\t\t<div class=\"elementor-element elementor-element-d549684 elementor-widget elementor-widget-image\" data-id=\"d549684\" data-element_type=\"widget\" data-e-type=\"widget\" data-widget_type=\"image.default\">\n\t\t\t\t\t\t\t\t\t\t\t\t\t\t\t<img decoding=\"async\" width=\"800\" height=\"773\" src=\"https:\/\/www.epflex.com\/wp-content\/uploads\/2025\/12\/Wertschaetzung-1.png\" class=\"attachment-large size-large wp-image-29022\" alt=\"\" srcset=\"https:\/\/www.epflex.com\/wp-content\/uploads\/2025\/12\/Wertschaetzung-1.png 957w, https:\/\/www.epflex.com\/wp-content\/uploads\/2025\/12\/Wertschaetzung-1-300x290.png 300w, https:\/\/www.epflex.com\/wp-content\/uploads\/2025\/12\/Wertschaetzung-1-768x742.png 768w\" sizes=\"(max-width: 800px) 100vw, 800px\" \/>\t\t\t\t\t\t\t\t\t\t\t\t\t\t\t<\/div>\n\t\t\t\t<div class=\"elementor-element elementor-element-b99dbac elementor-widget elementor-widget-text-editor\" data-id=\"b99dbac\" data-element_type=\"widget\" data-e-type=\"widget\" data-widget_type=\"text-editor.default\">\n\t\t\t\t\t\t\t\t\t<p>We treat our employees with maximum respect possible.<\/p>\t\t\t\t\t\t\t\t<\/div>\n\t\t\t\t<div class=\"elementor-element elementor-element-1879f0e elementor-widget elementor-widget-image\" data-id=\"1879f0e\" data-element_type=\"widget\" data-e-type=\"widget\" data-widget_type=\"image.default\">\n\t\t\t\t\t\t\t\t\t\t\t\t\t\t\t<img loading=\"lazy\" decoding=\"async\" width=\"800\" height=\"773\" src=\"https:\/\/www.epflex.com\/wp-content\/uploads\/2025\/12\/Partnerschaft.png\" class=\"attachment-large size-large wp-image-29025\" alt=\"\" srcset=\"https:\/\/www.epflex.com\/wp-content\/uploads\/2025\/12\/Partnerschaft.png 958w, https:\/\/www.epflex.com\/wp-content\/uploads\/2025\/12\/Partnerschaft-300x290.png 300w, https:\/\/www.epflex.com\/wp-content\/uploads\/2025\/12\/Partnerschaft-768x742.png 768w\" sizes=\"(max-width: 800px) 100vw, 800px\" \/>\t\t\t\t\t\t\t\t\t\t\t\t\t\t\t<\/div>\n\t\t\t\t<div class=\"elementor-element elementor-element-e566688 elementor-widget elementor-widget-text-editor\" data-id=\"e566688\" data-element_type=\"widget\" data-e-type=\"widget\" data-widget_type=\"text-editor.default\">\n\t\t\t\t\t\t\t\t\t<p>We set great value on cooperation and partnership with customers and suppliers.<\/p>\t\t\t\t\t\t\t\t<\/div>\n\t\t\t\t<div class=\"elementor-element elementor-element-febff80 elementor-widget elementor-widget-image\" data-id=\"febff80\" data-element_type=\"widget\" data-e-type=\"widget\" data-widget_type=\"image.default\">\n\t\t\t\t\t\t\t\t\t\t\t\t\t\t\t<img loading=\"lazy\" decoding=\"async\" width=\"800\" height=\"773\" src=\"https:\/\/www.epflex.com\/wp-content\/uploads\/2025\/12\/Qualitaet.png\" class=\"attachment-large size-large wp-image-29028\" alt=\"\" srcset=\"https:\/\/www.epflex.com\/wp-content\/uploads\/2025\/12\/Qualitaet.png 958w, https:\/\/www.epflex.com\/wp-content\/uploads\/2025\/12\/Qualitaet-300x290.png 300w, https:\/\/www.epflex.com\/wp-content\/uploads\/2025\/12\/Qualitaet-768x742.png 768w\" sizes=\"(max-width: 800px) 100vw, 800px\" \/>\t\t\t\t\t\t\t\t\t\t\t\t\t\t\t<\/div>\n\t\t\t\t<div class=\"elementor-element elementor-element-d632199 elementor-widget elementor-widget-text-editor\" data-id=\"d632199\" data-element_type=\"widget\" data-e-type=\"widget\" data-widget_type=\"text-editor.default\">\n\t\t\t\t\t\t\t\t\t<p>Our quality standards result from the wishes of our customers.<\/p>\t\t\t\t\t\t\t\t<\/div>\n\t\t\t\t<div class=\"elementor-element elementor-element-b14bd73 elementor-widget elementor-widget-image\" data-id=\"b14bd73\" data-element_type=\"widget\" data-e-type=\"widget\" data-widget_type=\"image.default\">\n\t\t\t\t\t\t\t\t\t\t\t\t\t\t\t<img loading=\"lazy\" decoding=\"async\" width=\"800\" height=\"773\" src=\"https:\/\/www.epflex.com\/wp-content\/uploads\/2025\/12\/Umwelt.png\" class=\"attachment-large size-large wp-image-29031\" alt=\"\" srcset=\"https:\/\/www.epflex.com\/wp-content\/uploads\/2025\/12\/Umwelt.png 958w, https:\/\/www.epflex.com\/wp-content\/uploads\/2025\/12\/Umwelt-300x290.png 300w, https:\/\/www.epflex.com\/wp-content\/uploads\/2025\/12\/Umwelt-768x742.png 768w\" sizes=\"(max-width: 800px) 100vw, 800px\" \/>\t\t\t\t\t\t\t\t\t\t\t\t\t\t\t<\/div>\n\t\t\t\t<div class=\"elementor-element elementor-element-9b91eff elementor-widget elementor-widget-text-editor\" data-id=\"9b91eff\" data-element_type=\"widget\" data-e-type=\"widget\" data-widget_type=\"text-editor.default\">\n\t\t\t\t\t\t\t\t\t<p>We reject products and ways of working that are harmful to people and nature.<\/p>\t\t\t\t\t\t\t\t<\/div>\n\t\t\t\t<div class=\"elementor-element elementor-element-2eee000 elementor-widget elementor-widget-image\" data-id=\"2eee000\" data-element_type=\"widget\" data-e-type=\"widget\" data-widget_type=\"image.default\">\n\t\t\t\t\t\t\t\t\t\t\t\t\t\t\t<img loading=\"lazy\" decoding=\"async\" width=\"800\" height=\"773\" src=\"https:\/\/www.epflex.com\/wp-content\/uploads\/2025\/12\/Heimat.png\" class=\"attachment-large size-large wp-image-29034\" alt=\"\" srcset=\"https:\/\/www.epflex.com\/wp-content\/uploads\/2025\/12\/Heimat.png 957w, https:\/\/www.epflex.com\/wp-content\/uploads\/2025\/12\/Heimat-300x290.png 300w, https:\/\/www.epflex.com\/wp-content\/uploads\/2025\/12\/Heimat-768x742.png 768w\" sizes=\"(max-width: 800px) 100vw, 800px\" \/>\t\t\t\t\t\t\t\t\t\t\t\t\t\t\t<\/div>\n\t\t\t\t<div class=\"elementor-element elementor-element-084edb7 elementor-widget elementor-widget-text-editor\" data-id=\"084edb7\" data-element_type=\"widget\" data-e-type=\"widget\" data-widget_type=\"text-editor.default\">\n\t\t\t\t\t\t\t\t\t<p>We are rooted in the region and show social commitment wherever we can.<\/p>\t\t\t\t\t\t\t\t<\/div>\n\t\t\t\t<div class=\"elementor-element elementor-element-55a2d8e elementor-widget elementor-widget-image\" data-id=\"55a2d8e\" data-element_type=\"widget\" data-e-type=\"widget\" data-widget_type=\"image.default\">\n\t\t\t\t\t\t\t\t\t\t\t\t\t\t\t<img loading=\"lazy\" decoding=\"async\" width=\"800\" height=\"773\" src=\"https:\/\/www.epflex.com\/wp-content\/uploads\/2025\/12\/Leistung.png\" class=\"attachment-large size-large wp-image-29037\" alt=\"\" srcset=\"https:\/\/www.epflex.com\/wp-content\/uploads\/2025\/12\/Leistung.png 957w, https:\/\/www.epflex.com\/wp-content\/uploads\/2025\/12\/Leistung-300x290.png 300w, https:\/\/www.epflex.com\/wp-content\/uploads\/2025\/12\/Leistung-768x742.png 768w\" sizes=\"(max-width: 800px) 100vw, 800px\" \/>\t\t\t\t\t\t\t\t\t\t\t\t\t\t\t<\/div>\n\t\t\t\t<div class=\"elementor-element elementor-element-f3ffd75 elementor-widget elementor-widget-text-editor\" data-id=\"f3ffd75\" data-element_type=\"widget\" data-e-type=\"widget\" data-widget_type=\"text-editor.default\">\n\t\t\t\t\t\t\t\t\t<p>We don\u2019t rest on our laurels.<\/p>\t\t\t\t\t\t\t\t<\/div>\n\t\t\t\t\t<\/div>\n\t\t\t\t<\/div>\n\t\t\t\t<\/div>\n\t\t","protected":false},"excerpt":{"rendered":"<p>Our Vision &amp; Mission \u00abWith our innovative medical devices, we push the boundaries of minimally invasive surgery every day and set new standards for interventions. For patients, this means shorter procedures, less pain and faster recovery.\u00bb Our Values We are focused on long-term success, not short-term profit. We are open to innovation and change. Inventive [&hellip;]<\/p>\n","protected":false},"author":11,"featured_media":0,"parent":22607,"menu_order":0,"comment_status":"closed","ping_status":"closed","template":"","meta":{"inline_featured_image":false,"footnotes":""},"class_list":["post-23065","page","type-page","status-publish","hentry"],"yoast_head":"<!-- This site is optimized with the Yoast SEO plugin v27.5 - https:\/\/yoast.com\/product\/yoast-seo-wordpress\/ -->\n<title>About EPflex | Vision &amp; Mission<\/title>\n<meta name=\"robots\" content=\"index, follow, max-snippet:-1, max-image-preview:large, max-video-preview:-1\" \/>\n<link rel=\"canonical\" href=\"https:\/\/www.epflex.com\/en\/company\/visionandmission\/\" \/>\n<meta property=\"og:locale\" content=\"en_US\" \/>\n<meta property=\"og:type\" content=\"article\" \/>\n<meta property=\"og:title\" content=\"About EPflex | Vision &amp; Mission\" \/>\n<meta property=\"og:description\" content=\"Our Vision &amp; Mission \u00abWith our innovative medical devices, we push the boundaries of minimally invasive surgery every day and set new standards for interventions. For patients, this means shorter procedures, less pain and faster recovery.\u00bb Our Values We are focused on long-term success, not short-term profit. We are open to innovation and change. Inventive [&hellip;]\" \/>\n<meta property=\"og:url\" content=\"https:\/\/www.epflex.com\/en\/company\/visionandmission\/\" \/>\n<meta property=\"og:site_name\" content=\"EPflex\" \/>\n<meta property=\"article:modified_time\" content=\"2025-12-17T15:27:25+00:00\" \/>\n<meta property=\"og:image\" content=\"https:\/\/www.epflex.com\/wp-content\/uploads\/2025\/12\/Icon-Zukunft.png\" \/>\n<meta name=\"twitter:card\" content=\"summary_large_image\" \/>\n<meta name=\"twitter:label1\" content=\"Est. reading time\" \/>\n\t<meta name=\"twitter:data1\" content=\"1 minute\" \/>\n<script type=\"application\/ld+json\" class=\"yoast-schema-graph\">{\"@context\":\"https:\\\/\\\/schema.org\",\"@graph\":[{\"@type\":\"WebPage\",\"@id\":\"https:\\\/\\\/www.epflex.com\\\/en\\\/company\\\/visionandmission\\\/\",\"url\":\"https:\\\/\\\/www.epflex.com\\\/en\\\/company\\\/visionandmission\\\/\",\"name\":\"About EPflex | Vision & Mission\",\"isPartOf\":{\"@id\":\"https:\\\/\\\/www.epflex.com\\\/en\\\/#website\"},\"primaryImageOfPage\":{\"@id\":\"https:\\\/\\\/www.epflex.com\\\/en\\\/company\\\/visionandmission\\\/#primaryimage\"},\"image\":{\"@id\":\"https:\\\/\\\/www.epflex.com\\\/en\\\/company\\\/visionandmission\\\/#primaryimage\"},\"thumbnailUrl\":\"https:\\\/\\\/www.epflex.com\\\/wp-content\\\/uploads\\\/2025\\\/12\\\/Icon-Zukunft.png\",\"datePublished\":\"2023-04-26T12:24:14+00:00\",\"dateModified\":\"2025-12-17T15:27:25+00:00\",\"breadcrumb\":{\"@id\":\"https:\\\/\\\/www.epflex.com\\\/en\\\/company\\\/visionandmission\\\/#breadcrumb\"},\"inLanguage\":\"en-US\",\"potentialAction\":[{\"@type\":\"ReadAction\",\"target\":[\"https:\\\/\\\/www.epflex.com\\\/en\\\/company\\\/visionandmission\\\/\"]}]},{\"@type\":\"ImageObject\",\"inLanguage\":\"en-US\",\"@id\":\"https:\\\/\\\/www.epflex.com\\\/en\\\/company\\\/visionandmission\\\/#primaryimage\",\"url\":\"https:\\\/\\\/www.epflex.com\\\/wp-content\\\/uploads\\\/2025\\\/12\\\/Icon-Zukunft.png\",\"contentUrl\":\"https:\\\/\\\/www.epflex.com\\\/wp-content\\\/uploads\\\/2025\\\/12\\\/Icon-Zukunft.png\"},{\"@type\":\"BreadcrumbList\",\"@id\":\"https:\\\/\\\/www.epflex.com\\\/en\\\/company\\\/visionandmission\\\/#breadcrumb\",\"itemListElement\":[{\"@type\":\"ListItem\",\"position\":1,\"name\":\"Startseite\",\"item\":\"https:\\\/\\\/www.epflex.com\\\/en\\\/\"},{\"@type\":\"ListItem\",\"position\":2,\"name\":\"COMPANY\",\"item\":\"https:\\\/\\\/www.epflex.com\\\/en\\\/company\\\/\"},{\"@type\":\"ListItem\",\"position\":3,\"name\":\"Vision &#038; Mission\"}]},{\"@type\":\"WebSite\",\"@id\":\"https:\\\/\\\/www.epflex.com\\\/en\\\/#website\",\"url\":\"https:\\\/\\\/www.epflex.com\\\/en\\\/\",\"name\":\"EPflex\",\"description\":\"F\u00fchrungsdr\u00e4hte und Steinfangk\u00f6rbchen f\u00fcr die minimalinvasive Medizin\",\"publisher\":{\"@id\":\"https:\\\/\\\/www.epflex.com\\\/en\\\/#organization\"},\"potentialAction\":[{\"@type\":\"SearchAction\",\"target\":{\"@type\":\"EntryPoint\",\"urlTemplate\":\"https:\\\/\\\/www.epflex.com\\\/en\\\/?s={search_term_string}\"},\"query-input\":{\"@type\":\"PropertyValueSpecification\",\"valueRequired\":true,\"valueName\":\"search_term_string\"}}],\"inLanguage\":\"en-US\"},{\"@type\":\"Organization\",\"@id\":\"https:\\\/\\\/www.epflex.com\\\/en\\\/#organization\",\"name\":\"EPflex\",\"url\":\"https:\\\/\\\/www.epflex.com\\\/en\\\/\",\"logo\":{\"@type\":\"ImageObject\",\"inLanguage\":\"en-US\",\"@id\":\"https:\\\/\\\/www.epflex.com\\\/en\\\/#\\\/schema\\\/logo\\\/image\\\/\",\"url\":\"https:\\\/\\\/www.epflex.com\\\/wp-content\\\/uploads\\\/2025\\\/11\\\/EPflex_Logo.svg\",\"contentUrl\":\"https:\\\/\\\/www.epflex.com\\\/wp-content\\\/uploads\\\/2025\\\/11\\\/EPflex_Logo.svg\",\"caption\":\"EPflex\"},\"image\":{\"@id\":\"https:\\\/\\\/www.epflex.com\\\/en\\\/#\\\/schema\\\/logo\\\/image\\\/\"}}]}<\/script>\n<!-- \/ Yoast SEO plugin. -->","yoast_head_json":{"title":"About EPflex | Vision & Mission","robots":{"index":"index","follow":"follow","max-snippet":"max-snippet:-1","max-image-preview":"max-image-preview:large","max-video-preview":"max-video-preview:-1"},"canonical":"https:\/\/www.epflex.com\/en\/company\/visionandmission\/","og_locale":"en_US","og_type":"article","og_title":"About EPflex | Vision & Mission","og_description":"Our Vision &amp; Mission \u00abWith our innovative medical devices, we push the boundaries of minimally invasive surgery every day and set new standards for interventions. For patients, this means shorter procedures, less pain and faster recovery.\u00bb Our Values We are focused on long-term success, not short-term profit. We are open to innovation and change. Inventive [&hellip;]","og_url":"https:\/\/www.epflex.com\/en\/company\/visionandmission\/","og_site_name":"EPflex","article_modified_time":"2025-12-17T15:27:25+00:00","og_image":[{"url":"https:\/\/www.epflex.com\/wp-content\/uploads\/2025\/12\/Icon-Zukunft.png","type":"","width":"","height":""}],"twitter_card":"summary_large_image","twitter_misc":{"Est. reading time":"1 minute"},"schema":{"@context":"https:\/\/schema.org","@graph":[{"@type":"WebPage","@id":"https:\/\/www.epflex.com\/en\/company\/visionandmission\/","url":"https:\/\/www.epflex.com\/en\/company\/visionandmission\/","name":"About EPflex | Vision & Mission","isPartOf":{"@id":"https:\/\/www.epflex.com\/en\/#website"},"primaryImageOfPage":{"@id":"https:\/\/www.epflex.com\/en\/company\/visionandmission\/#primaryimage"},"image":{"@id":"https:\/\/www.epflex.com\/en\/company\/visionandmission\/#primaryimage"},"thumbnailUrl":"https:\/\/www.epflex.com\/wp-content\/uploads\/2025\/12\/Icon-Zukunft.png","datePublished":"2023-04-26T12:24:14+00:00","dateModified":"2025-12-17T15:27:25+00:00","breadcrumb":{"@id":"https:\/\/www.epflex.com\/en\/company\/visionandmission\/#breadcrumb"},"inLanguage":"en-US","potentialAction":[{"@type":"ReadAction","target":["https:\/\/www.epflex.com\/en\/company\/visionandmission\/"]}]},{"@type":"ImageObject","inLanguage":"en-US","@id":"https:\/\/www.epflex.com\/en\/company\/visionandmission\/#primaryimage","url":"https:\/\/www.epflex.com\/wp-content\/uploads\/2025\/12\/Icon-Zukunft.png","contentUrl":"https:\/\/www.epflex.com\/wp-content\/uploads\/2025\/12\/Icon-Zukunft.png"},{"@type":"BreadcrumbList","@id":"https:\/\/www.epflex.com\/en\/company\/visionandmission\/#breadcrumb","itemListElement":[{"@type":"ListItem","position":1,"name":"Startseite","item":"https:\/\/www.epflex.com\/en\/"},{"@type":"ListItem","position":2,"name":"COMPANY","item":"https:\/\/www.epflex.com\/en\/company\/"},{"@type":"ListItem","position":3,"name":"Vision &#038; Mission"}]},{"@type":"WebSite","@id":"https:\/\/www.epflex.com\/en\/#website","url":"https:\/\/www.epflex.com\/en\/","name":"EPflex","description":"F\u00fchrungsdr\u00e4hte und Steinfangk\u00f6rbchen f\u00fcr die minimalinvasive Medizin","publisher":{"@id":"https:\/\/www.epflex.com\/en\/#organization"},"potentialAction":[{"@type":"SearchAction","target":{"@type":"EntryPoint","urlTemplate":"https:\/\/www.epflex.com\/en\/?s={search_term_string}"},"query-input":{"@type":"PropertyValueSpecification","valueRequired":true,"valueName":"search_term_string"}}],"inLanguage":"en-US"},{"@type":"Organization","@id":"https:\/\/www.epflex.com\/en\/#organization","name":"EPflex","url":"https:\/\/www.epflex.com\/en\/","logo":{"@type":"ImageObject","inLanguage":"en-US","@id":"https:\/\/www.epflex.com\/en\/#\/schema\/logo\/image\/","url":"https:\/\/www.epflex.com\/wp-content\/uploads\/2025\/11\/EPflex_Logo.svg","contentUrl":"https:\/\/www.epflex.com\/wp-content\/uploads\/2025\/11\/EPflex_Logo.svg","caption":"EPflex"},"image":{"@id":"https:\/\/www.epflex.com\/en\/#\/schema\/logo\/image\/"}}]}},"_links":{"self":[{"href":"https:\/\/www.epflex.com\/en\/wp-json\/wp\/v2\/pages\/23065","targetHints":{"allow":["GET"]}}],"collection":[{"href":"https:\/\/www.epflex.com\/en\/wp-json\/wp\/v2\/pages"}],"about":[{"href":"https:\/\/www.epflex.com\/en\/wp-json\/wp\/v2\/types\/page"}],"author":[{"embeddable":true,"href":"https:\/\/www.epflex.com\/en\/wp-json\/wp\/v2\/users\/11"}],"replies":[{"embeddable":true,"href":"https:\/\/www.epflex.com\/en\/wp-json\/wp\/v2\/comments?post=23065"}],"version-history":[{"count":0,"href":"https:\/\/www.epflex.com\/en\/wp-json\/wp\/v2\/pages\/23065\/revisions"}],"up":[{"embeddable":true,"href":"https:\/\/www.epflex.com\/en\/wp-json\/wp\/v2\/pages\/22607"}],"wp:attachment":[{"href":"https:\/\/www.epflex.com\/en\/wp-json\/wp\/v2\/media?parent=23065"}],"curies":[{"name":"wp","href":"https:\/\/api.w.org\/{rel}","templated":true}]}}