{"id":19682,"date":"2021-11-05T18:12:08","date_gmt":"2021-11-05T17:12:08","guid":{"rendered":"https:\/\/dev.epflex.com\/?page_id=19682"},"modified":"2025-12-18T10:24:15","modified_gmt":"2025-12-18T09:24:15","slug":"infos","status":"publish","type":"page","link":"https:\/\/www.epflex.com\/en\/infos\/","title":{"rendered":"NEWS"},"content":{"rendered":"\t\t<div data-elementor-type=\"wp-page\" data-elementor-id=\"19682\" class=\"elementor elementor-19682 elementor-19681\" data-elementor-post-type=\"page\">\n\t\t\t\t<div class=\"elementor-element elementor-element-31ca974 e-flex e-con-boxed e-con e-parent\" data-id=\"31ca974\" data-element_type=\"container\" data-e-type=\"container\" data-settings=\"{&quot;background_background&quot;:&quot;classic&quot;}\">\n\t\t\t\t\t<div class=\"e-con-inner\">\n\t\t\t\t\t<\/div>\n\t\t\t\t<\/div>\n\t\t<div class=\"elementor-element elementor-element-b9bbffc e-flex e-con-boxed e-con e-parent\" data-id=\"b9bbffc\" data-element_type=\"container\" data-e-type=\"container\">\n\t\t\t\t\t<div class=\"e-con-inner\">\n\t\t\t\t<div class=\"elementor-element elementor-element-ca066bc elementor-widget elementor-widget-heading\" data-id=\"ca066bc\" data-element_type=\"widget\" data-e-type=\"widget\" data-widget_type=\"heading.default\">\n\t\t\t\t\t<h1 class=\"elementor-heading-title elementor-size-default\">News<\/h1>\t\t\t\t<\/div>\n\t\t\t\t\t<\/div>\n\t\t\t\t<\/div>\n\t\t<div class=\"elementor-element elementor-element-55b2121 e-flex e-con-boxed e-con e-parent\" data-id=\"55b2121\" data-element_type=\"container\" data-e-type=\"container\">\n\t\t\t\t\t<div class=\"e-con-inner\">\n\t\t\t\t<div class=\"elementor-element elementor-element-76e808e elementor-grid-1 elementor-grid-tablet-2 elementor-grid-mobile-1 elementor-posts--thumbnail-top elementor-widget elementor-widget-posts\" data-id=\"76e808e\" data-element_type=\"widget\" data-e-type=\"widget\" data-settings=\"{&quot;classic_columns&quot;:&quot;1&quot;,&quot;pagination_type&quot;:&quot;numbers&quot;,&quot;classic_columns_tablet&quot;:&quot;2&quot;,&quot;classic_columns_mobile&quot;:&quot;1&quot;,&quot;classic_row_gap&quot;:{&quot;unit&quot;:&quot;px&quot;,&quot;size&quot;:35,&quot;sizes&quot;:[]},&quot;classic_row_gap_laptop&quot;:{&quot;unit&quot;:&quot;px&quot;,&quot;size&quot;:&quot;&quot;,&quot;sizes&quot;:[]},&quot;classic_row_gap_tablet&quot;:{&quot;unit&quot;:&quot;px&quot;,&quot;size&quot;:&quot;&quot;,&quot;sizes&quot;:[]},&quot;classic_row_gap_mobile&quot;:{&quot;unit&quot;:&quot;px&quot;,&quot;size&quot;:&quot;&quot;,&quot;sizes&quot;:[]}}\" data-widget_type=\"posts.classic\">\n\t\t\t\t<div class=\"elementor-widget-container\">\n\t\t\t\t\t\t\t<div class=\"elementor-posts-container elementor-posts elementor-posts--skin-classic elementor-grid\" role=\"list\">\n\t\t\t\t<article class=\"elementor-post elementor-grid-item post-29549 post type-post status-publish format-standard hentry category-unternehmen-en\" role=\"listitem\">\n\t\t\t\t<div class=\"elementor-post__text\">\n\t\t\t\t<h2 class=\"elementor-post__title\">\n\t\t\t<a href=\"https:\/\/www.epflex.com\/en\/mdm-west-2026\/\" >\n\t\t\t\tMD&#038;M West 2026\t\t\t<\/a>\n\t\t<\/h2>\n\t\t\t\t<div class=\"elementor-post__meta-data\">\n\t\t\t\t\t<span class=\"elementor-post-date\">\n\t\t\t3. February 2026\t\t<\/span>\n\t\t\t\t<\/div>\n\t\t\t\t<div class=\"elementor-post__excerpt\">\n\t\t\t<p>We will be exhibiting at MD&amp;M West 2026! Visit us at Booth 1946 from February 3\u20135 to learn more about our development and manufacturing expertise in medical technology. We look forward to engaging conversations, new connections, and the opportunity to meet you in person.<\/p>\n\t\t<\/div>\n\t\t\n\t\t<a class=\"elementor-post__read-more\" href=\"https:\/\/www.epflex.com\/en\/mdm-west-2026\/\" aria-label=\"Read more about MD&#038;M West 2026\" tabindex=\"-1\" >\n\t\t\tRead more \u00bb\t\t<\/a>\n\n\t\t\t\t<\/div>\n\t\t\t\t<\/article>\n\t\t\t\t<article class=\"elementor-post elementor-grid-item post-29636 post type-post status-publish format-standard hentry category-uncategorized\" role=\"listitem\">\n\t\t\t\t<div class=\"elementor-post__text\">\n\t\t\t\t<h2 class=\"elementor-post__title\">\n\t\t\t<a href=\"https:\/\/www.epflex.com\/en\/compamed-2025\/\" >\n\t\t\t\tCOMPAMED 2025\t\t\t<\/a>\n\t\t<\/h2>\n\t\t\t\t<div class=\"elementor-post__meta-data\">\n\t\t\t\t\t<span class=\"elementor-post-date\">\n\t\t\t21. November 2025\t\t<\/span>\n\t\t\t\t<\/div>\n\t\t\t\t<div class=\"elementor-post__excerpt\">\n\t\t\t<p>From November 17 to 20, it was that time again: in D\u00fcsseldorf, the doors opened for MEDICA, the world\u2019s largest trade fair for the medical industry, and the supplier fair COMPAMED. As always, EPflex was on site for customers and interested visitors. Four successful trade fair days filled with many<\/p>\n\t\t<\/div>\n\t\t\n\t\t<a class=\"elementor-post__read-more\" href=\"https:\/\/www.epflex.com\/en\/compamed-2025\/\" aria-label=\"Read more about COMPAMED 2025\" tabindex=\"-1\" >\n\t\t\tRead more \u00bb\t\t<\/a>\n\n\t\t\t\t<\/div>\n\t\t\t\t<\/article>\n\t\t\t\t<article class=\"elementor-post elementor-grid-item post-27457 post type-post status-publish format-standard has-post-thumbnail hentry category-unternehmen-en\" role=\"listitem\">\n\t\t\t\t<a class=\"elementor-post__thumbnail__link\" href=\"https:\/\/www.epflex.com\/en\/epflex-makes-its-debut-appearance-at-medtec-china\/\" tabindex=\"-1\" >\n\t\t\t<div class=\"elementor-post__thumbnail\"><img fetchpriority=\"high\" decoding=\"async\" width=\"800\" height=\"266\" src=\"https:\/\/www.epflex.com\/wp-content\/uploads\/2025\/08\/Bild_Vision_China-1-1024x341.jpg\" class=\"attachment-large size-large wp-image-27443\" alt=\"\" srcset=\"https:\/\/www.epflex.com\/wp-content\/uploads\/2025\/08\/Bild_Vision_China-1-1024x341.jpg 1024w, https:\/\/www.epflex.com\/wp-content\/uploads\/2025\/08\/Bild_Vision_China-1-300x100.jpg 300w, https:\/\/www.epflex.com\/wp-content\/uploads\/2025\/08\/Bild_Vision_China-1-768x256.jpg 768w, https:\/\/www.epflex.com\/wp-content\/uploads\/2025\/08\/Bild_Vision_China-1-1536x512.jpg 1536w, https:\/\/www.epflex.com\/wp-content\/uploads\/2025\/08\/Bild_Vision_China-1-700x233.jpg 700w, https:\/\/www.epflex.com\/wp-content\/uploads\/2025\/08\/Bild_Vision_China-1.jpg 1600w\" sizes=\"(max-width: 800px) 100vw, 800px\" \/><\/div>\n\t\t<\/a>\n\t\t\t\t<div class=\"elementor-post__text\">\n\t\t\t\t<h2 class=\"elementor-post__title\">\n\t\t\t<a href=\"https:\/\/www.epflex.com\/en\/epflex-makes-its-debut-appearance-at-medtec-china\/\" >\n\t\t\t\tEPflex exhibits at Medtec China\t\t\t<\/a>\n\t\t<\/h2>\n\t\t\t\t<div class=\"elementor-post__meta-data\">\n\t\t\t\t\t<span class=\"elementor-post-date\">\n\t\t\t3. September 2025\t\t<\/span>\n\t\t\t\t<\/div>\n\t\t\t\t<div class=\"elementor-post__excerpt\">\n\t\t\t<p>&nbsp; We are delighted to be exhibiting at Medtec China in Shanghai again this year after a long break! As part of the German Pavilion, we look forward to welcoming you to Booth 1M112 in Hall 1 from September 24 to 26. Find out more about our product portfolio and<\/p>\n\t\t<\/div>\n\t\t\n\t\t<a class=\"elementor-post__read-more\" href=\"https:\/\/www.epflex.com\/en\/epflex-makes-its-debut-appearance-at-medtec-china\/\" aria-label=\"Read more about EPflex exhibits at Medtec China\" tabindex=\"-1\" >\n\t\t\tRead more \u00bb\t\t<\/a>\n\n\t\t\t\t<\/div>\n\t\t\t\t<\/article>\n\t\t\t\t<article class=\"elementor-post elementor-grid-item post-27281 post type-post status-publish format-standard hentry category-unternehmen-en\" role=\"listitem\">\n\t\t\t\t<div class=\"elementor-post__text\">\n\t\t\t\t<h2 class=\"elementor-post__title\">\n\t\t\t<a href=\"https:\/\/www.epflex.com\/en\/epflex-brings-medical-innovation-to-europcr-innovators-day-in-paris\/\" >\n\t\t\t\tEPflex brings medical innovation to EuroPCR Innovators Day in Paris\t\t\t<\/a>\n\t\t<\/h2>\n\t\t\t\t<div class=\"elementor-post__meta-data\">\n\t\t\t\t\t<span class=\"elementor-post-date\">\n\t\t\t13. May 2025\t\t<\/span>\n\t\t\t\t<\/div>\n\t\t\t\t<div class=\"elementor-post__excerpt\">\n\t\t\t<p>From May 19 to 23, the international specialist audience for cardiovascular medicine and interventional cardiology gathered once again in Paris. At EuroPCR Leading experts presented the latest research findings, treatment methods and technologies . As part of the Innovators Day EPflex hat the opportunity to showcase its latest development in<\/p>\n\t\t<\/div>\n\t\t\n\t\t<a class=\"elementor-post__read-more\" href=\"https:\/\/www.epflex.com\/en\/epflex-brings-medical-innovation-to-europcr-innovators-day-in-paris\/\" aria-label=\"Read more about EPflex brings medical innovation to EuroPCR Innovators Day in Paris\" tabindex=\"-1\" >\n\t\t\tRead more \u00bb\t\t<\/a>\n\n\t\t\t\t<\/div>\n\t\t\t\t<\/article>\n\t\t\t\t<article class=\"elementor-post elementor-grid-item post-24782 post type-post status-publish format-standard hentry category-unternehmen-en\" role=\"listitem\">\n\t\t\t\t<div class=\"elementor-post__text\">\n\t\t\t\t<h2 class=\"elementor-post__title\">\n\t\t\t<a href=\"https:\/\/www.epflex.com\/en\/precision-in-perfection-thanks-to-cutting-edge-measurement-technology\/\" >\n\t\t\t\tPrecision in Perfection \u2013 Thanks to Cutting-Edge Measurement Technology\t\t\t<\/a>\n\t\t<\/h2>\n\t\t\t\t<div class=\"elementor-post__meta-data\">\n\t\t\t\t\t<span class=\"elementor-post-date\">\n\t\t\t13. March 2025\t\t<\/span>\n\t\t\t\t<\/div>\n\t\t\t\t<div class=\"elementor-post__excerpt\">\n\t\t\t<p>At EPflex, we strive for the highest level of precision \u2013 from development to the manufacturing of our minimally invasive instruments. To process our highly sensitive forming tools, we rely on a high-precision laser tool measurement system with blue laser light from Renishaw. This ensures not only the quality of<\/p>\n\t\t<\/div>\n\t\t\n\t\t<a class=\"elementor-post__read-more\" href=\"https:\/\/www.epflex.com\/en\/precision-in-perfection-thanks-to-cutting-edge-measurement-technology\/\" aria-label=\"Read more about Precision in Perfection \u2013 Thanks to Cutting-Edge Measurement Technology\" tabindex=\"-1\" >\n\t\t\tRead more \u00bb\t\t<\/a>\n\n\t\t\t\t<\/div>\n\t\t\t\t<\/article>\n\t\t\t\t<article class=\"elementor-post elementor-grid-item post-24656 post type-post status-publish format-standard hentry category-unternehmen-en\" role=\"listitem\">\n\t\t\t\t<div class=\"elementor-post__text\">\n\t\t\t\t<h2 class=\"elementor-post__title\">\n\t\t\t<a href=\"https:\/\/www.epflex.com\/en\/new-look-same-innovation-join-us-at-mdm-west-2025-2\/\" >\n\t\t\t\tOur tried and tested MD&#038;M West trade fair is over again!\t\t\t<\/a>\n\t\t<\/h2>\n\t\t\t\t<div class=\"elementor-post__meta-data\">\n\t\t\t\t\t<span class=\"elementor-post-date\">\n\t\t\t10. February 2025\t\t<\/span>\n\t\t\t\t<\/div>\n\t\t\t\t<div class=\"elementor-post__excerpt\">\n\t\t\t<p>&nbsp; The well-known medical technology trade fair MD&amp;M West in Anaheim, California from February 4 &#8211; 6 is over again and we were there with our new trade fair stand! Our two dedicated colleagues Fabiano and Marla from the sales department represented us worthily during the three days of the<\/p>\n\t\t<\/div>\n\t\t\n\t\t<a class=\"elementor-post__read-more\" href=\"https:\/\/www.epflex.com\/en\/new-look-same-innovation-join-us-at-mdm-west-2025-2\/\" aria-label=\"Read more about Our tried and tested MD&#038;M West trade fair is over again!\" tabindex=\"-1\" >\n\t\t\tRead more \u00bb\t\t<\/a>\n\n\t\t\t\t<\/div>\n\t\t\t\t<\/article>\n\t\t\t\t<\/div>\n\t\t\n\t\t\t\t<div class=\"e-load-more-anchor\" data-page=\"1\" data-max-page=\"9\" data-next-page=\"https:\/\/www.epflex.com\/en\/wp-json\/wp\/v2\/pages\/19682\/page\/2\/\"><\/div>\n\t\t\t\t<nav class=\"elementor-pagination\" aria-label=\"Pagination\">\n\t\t\t<span aria-current=\"page\" class=\"page-numbers current\"><span class=\"elementor-screen-only\">Page<\/span>1<\/span>\n<a class=\"page-numbers\" href=\"https:\/\/www.epflex.com\/en\/wp-json\/wp\/v2\/pages\/19682\/page\/2\/\"><span class=\"elementor-screen-only\">Page<\/span>2<\/a>\n<a class=\"page-numbers\" href=\"https:\/\/www.epflex.com\/en\/wp-json\/wp\/v2\/pages\/19682\/page\/3\/\"><span class=\"elementor-screen-only\">Page<\/span>3<\/a>\n<a class=\"page-numbers\" href=\"https:\/\/www.epflex.com\/en\/wp-json\/wp\/v2\/pages\/19682\/page\/4\/\"><span class=\"elementor-screen-only\">Page<\/span>4<\/a>\n<a class=\"page-numbers\" href=\"https:\/\/www.epflex.com\/en\/wp-json\/wp\/v2\/pages\/19682\/page\/5\/\"><span class=\"elementor-screen-only\">Page<\/span>5<\/a>\t\t<\/nav>\n\t\t\t\t\t\t<\/div>\n\t\t\t\t<\/div>\n\t\t\t\t\t<\/div>\n\t\t\t\t<\/div>\n\t\t<div class=\"elementor-element elementor-element-6391eff e-flex e-con-boxed e-con e-parent\" data-id=\"6391eff\" data-element_type=\"container\" data-e-type=\"container\" data-settings=\"{&quot;background_background&quot;:&quot;classic&quot;}\">\n\t\t\t\t\t<div class=\"e-con-inner\">\n\t\t\t\t<div class=\"elementor-element elementor-element-99011d5 elementor-widget elementor-widget-heading\" data-id=\"99011d5\" data-element_type=\"widget\" data-e-type=\"widget\" data-widget_type=\"heading.default\">\n\t\t\t\t\t<h2 class=\"elementor-heading-title elementor-size-default\">Your Contact Person<\/h2>\t\t\t\t<\/div>\n\t\t\t\t<div class=\"elementor-element elementor-element-e4bd2c3 elementor-widget elementor-widget-image\" data-id=\"e4bd2c3\" data-element_type=\"widget\" data-e-type=\"widget\" data-widget_type=\"image.default\">\n\t\t\t\t\t\t\t\t\t\t\t\t\t\t\t\t<a href=\"https:\/\/www.instagram.com\/aufklaerungorganspende.tue\/\" target=\"_blank\">\n\t\t\t\t\t\t\t<img decoding=\"async\" width=\"500\" height=\"500\" src=\"https:\/\/www.epflex.com\/wp-content\/uploads\/2025\/12\/ESa-web.jpg\" class=\"attachment-large size-large wp-image-29134\" alt=\"\" srcset=\"https:\/\/www.epflex.com\/wp-content\/uploads\/2025\/12\/ESa-web.jpg 500w, https:\/\/www.epflex.com\/wp-content\/uploads\/2025\/12\/ESa-web-300x300.jpg 300w, https:\/\/www.epflex.com\/wp-content\/uploads\/2025\/12\/ESa-web-150x150.jpg 150w\" sizes=\"(max-width: 500px) 100vw, 500px\" \/>\t\t\t\t\t\t\t\t<\/a>\n\t\t\t\t\t\t\t\t\t\t\t\t\t\t\t<\/div>\n\t\t\t\t<div class=\"elementor-element elementor-element-2bddb4a elementor-widget__width-initial elementor-widget elementor-widget-text-editor\" data-id=\"2bddb4a\" data-element_type=\"widget\" data-e-type=\"widget\" data-widget_type=\"text-editor.default\">\n\t\t\t\t\t\t\t\t\t<h5>EVA SANTEL<\/h5><p>Head of Marketing<\/p><p><a href=\"mailto:EPmarketing@epflex.com\">EPmarketing(at)epflex.com<\/a><\/p>\t\t\t\t\t\t\t\t<\/div>\n\t\t\t\t\t<\/div>\n\t\t\t\t<\/div>\n\t\t\t\t<\/div>\n\t\t","protected":false},"excerpt":{"rendered":"<p>News Your Contact Person EVA SANTEL Head of Marketing EPmarketing(at)epflex.com<\/p>\n","protected":false},"author":13,"featured_media":0,"parent":0,"menu_order":0,"comment_status":"closed","ping_status":"closed","template":"","meta":{"inline_featured_image":false,"footnotes":""},"class_list":["post-19682","page","type-page","status-publish","hentry"],"yoast_head":"<!-- This site is optimized with the Yoast SEO plugin v27.3 - https:\/\/yoast.com\/product\/yoast-seo-wordpress\/ -->\n<title>News about Epflex<\/title>\n<meta name=\"description\" content=\"News about EPflex - The latest information from the pharmaceutical industry or our production or about events where you can meet us.\" \/>\n<meta name=\"robots\" content=\"index, follow, max-snippet:-1, max-image-preview:large, max-video-preview:-1\" \/>\n<link rel=\"canonical\" href=\"https:\/\/www.epflex.com\/en\/infos\/\" \/>\n<meta property=\"og:locale\" content=\"en_US\" \/>\n<meta property=\"og:type\" content=\"article\" \/>\n<meta property=\"og:title\" content=\"News about Epflex\" \/>\n<meta property=\"og:description\" content=\"News about EPflex - The latest information from the pharmaceutical industry or our production or about events where you can meet us.\" \/>\n<meta property=\"og:url\" content=\"https:\/\/www.epflex.com\/en\/infos\/\" \/>\n<meta property=\"og:site_name\" content=\"EPflex\" \/>\n<meta property=\"article:modified_time\" content=\"2025-12-18T09:24:15+00:00\" \/>\n<meta property=\"og:image\" content=\"https:\/\/www.epflex.com\/wp-content\/uploads\/2025\/12\/ESa-web.jpg\" \/>\n<meta name=\"twitter:card\" content=\"summary_large_image\" \/>\n<meta name=\"twitter:label1\" content=\"Est. reading time\" \/>\n\t<meta name=\"twitter:data1\" content=\"3 minutes\" \/>\n<script type=\"application\/ld+json\" class=\"yoast-schema-graph\">{\"@context\":\"https:\\\/\\\/schema.org\",\"@graph\":[{\"@type\":\"WebPage\",\"@id\":\"https:\\\/\\\/www.epflex.com\\\/en\\\/infos\\\/\",\"url\":\"https:\\\/\\\/www.epflex.com\\\/en\\\/infos\\\/\",\"name\":\"News about Epflex\",\"isPartOf\":{\"@id\":\"https:\\\/\\\/www.epflex.com\\\/en\\\/#website\"},\"primaryImageOfPage\":{\"@id\":\"https:\\\/\\\/www.epflex.com\\\/en\\\/infos\\\/#primaryimage\"},\"image\":{\"@id\":\"https:\\\/\\\/www.epflex.com\\\/en\\\/infos\\\/#primaryimage\"},\"thumbnailUrl\":\"https:\\\/\\\/www.epflex.com\\\/wp-content\\\/uploads\\\/2025\\\/12\\\/ESa-web.jpg\",\"datePublished\":\"2021-11-05T17:12:08+00:00\",\"dateModified\":\"2025-12-18T09:24:15+00:00\",\"description\":\"News about EPflex - The latest information from the pharmaceutical industry or our production or about events where you can meet us.\",\"breadcrumb\":{\"@id\":\"https:\\\/\\\/www.epflex.com\\\/en\\\/infos\\\/#breadcrumb\"},\"inLanguage\":\"en-US\",\"potentialAction\":[{\"@type\":\"ReadAction\",\"target\":[\"https:\\\/\\\/www.epflex.com\\\/en\\\/infos\\\/\"]}]},{\"@type\":\"ImageObject\",\"inLanguage\":\"en-US\",\"@id\":\"https:\\\/\\\/www.epflex.com\\\/en\\\/infos\\\/#primaryimage\",\"url\":\"https:\\\/\\\/www.epflex.com\\\/wp-content\\\/uploads\\\/2025\\\/12\\\/ESa-web.jpg\",\"contentUrl\":\"https:\\\/\\\/www.epflex.com\\\/wp-content\\\/uploads\\\/2025\\\/12\\\/ESa-web.jpg\"},{\"@type\":\"BreadcrumbList\",\"@id\":\"https:\\\/\\\/www.epflex.com\\\/en\\\/infos\\\/#breadcrumb\",\"itemListElement\":[{\"@type\":\"ListItem\",\"position\":1,\"name\":\"Startseite\",\"item\":\"https:\\\/\\\/www.epflex.com\\\/en\\\/\"},{\"@type\":\"ListItem\",\"position\":2,\"name\":\"NEWS\"}]},{\"@type\":\"WebSite\",\"@id\":\"https:\\\/\\\/www.epflex.com\\\/en\\\/#website\",\"url\":\"https:\\\/\\\/www.epflex.com\\\/en\\\/\",\"name\":\"EPflex\",\"description\":\"F\u00fchrungsdr\u00e4hte und Steinfangk\u00f6rbchen f\u00fcr die minimalinvasive Medizin\",\"publisher\":{\"@id\":\"https:\\\/\\\/www.epflex.com\\\/en\\\/#organization\"},\"potentialAction\":[{\"@type\":\"SearchAction\",\"target\":{\"@type\":\"EntryPoint\",\"urlTemplate\":\"https:\\\/\\\/www.epflex.com\\\/en\\\/?s={search_term_string}\"},\"query-input\":{\"@type\":\"PropertyValueSpecification\",\"valueRequired\":true,\"valueName\":\"search_term_string\"}}],\"inLanguage\":\"en-US\"},{\"@type\":\"Organization\",\"@id\":\"https:\\\/\\\/www.epflex.com\\\/en\\\/#organization\",\"name\":\"EPflex\",\"url\":\"https:\\\/\\\/www.epflex.com\\\/en\\\/\",\"logo\":{\"@type\":\"ImageObject\",\"inLanguage\":\"en-US\",\"@id\":\"https:\\\/\\\/www.epflex.com\\\/en\\\/#\\\/schema\\\/logo\\\/image\\\/\",\"url\":\"https:\\\/\\\/www.epflex.com\\\/wp-content\\\/uploads\\\/2025\\\/11\\\/EPflex_Logo.svg\",\"contentUrl\":\"https:\\\/\\\/www.epflex.com\\\/wp-content\\\/uploads\\\/2025\\\/11\\\/EPflex_Logo.svg\",\"caption\":\"EPflex\"},\"image\":{\"@id\":\"https:\\\/\\\/www.epflex.com\\\/en\\\/#\\\/schema\\\/logo\\\/image\\\/\"}}]}<\/script>\n<!-- \/ Yoast SEO plugin. -->","yoast_head_json":{"title":"News about Epflex","description":"News about EPflex - The latest information from the pharmaceutical industry or our production or about events where you can meet us.","robots":{"index":"index","follow":"follow","max-snippet":"max-snippet:-1","max-image-preview":"max-image-preview:large","max-video-preview":"max-video-preview:-1"},"canonical":"https:\/\/www.epflex.com\/en\/infos\/","og_locale":"en_US","og_type":"article","og_title":"News about Epflex","og_description":"News about EPflex - The latest information from the pharmaceutical industry or our production or about events where you can meet us.","og_url":"https:\/\/www.epflex.com\/en\/infos\/","og_site_name":"EPflex","article_modified_time":"2025-12-18T09:24:15+00:00","og_image":[{"url":"https:\/\/www.epflex.com\/wp-content\/uploads\/2025\/12\/ESa-web.jpg","type":"","width":"","height":""}],"twitter_card":"summary_large_image","twitter_misc":{"Est. reading time":"3 minutes"},"schema":{"@context":"https:\/\/schema.org","@graph":[{"@type":"WebPage","@id":"https:\/\/www.epflex.com\/en\/infos\/","url":"https:\/\/www.epflex.com\/en\/infos\/","name":"News about Epflex","isPartOf":{"@id":"https:\/\/www.epflex.com\/en\/#website"},"primaryImageOfPage":{"@id":"https:\/\/www.epflex.com\/en\/infos\/#primaryimage"},"image":{"@id":"https:\/\/www.epflex.com\/en\/infos\/#primaryimage"},"thumbnailUrl":"https:\/\/www.epflex.com\/wp-content\/uploads\/2025\/12\/ESa-web.jpg","datePublished":"2021-11-05T17:12:08+00:00","dateModified":"2025-12-18T09:24:15+00:00","description":"News about EPflex - The latest information from the pharmaceutical industry or our production or about events where you can meet us.","breadcrumb":{"@id":"https:\/\/www.epflex.com\/en\/infos\/#breadcrumb"},"inLanguage":"en-US","potentialAction":[{"@type":"ReadAction","target":["https:\/\/www.epflex.com\/en\/infos\/"]}]},{"@type":"ImageObject","inLanguage":"en-US","@id":"https:\/\/www.epflex.com\/en\/infos\/#primaryimage","url":"https:\/\/www.epflex.com\/wp-content\/uploads\/2025\/12\/ESa-web.jpg","contentUrl":"https:\/\/www.epflex.com\/wp-content\/uploads\/2025\/12\/ESa-web.jpg"},{"@type":"BreadcrumbList","@id":"https:\/\/www.epflex.com\/en\/infos\/#breadcrumb","itemListElement":[{"@type":"ListItem","position":1,"name":"Startseite","item":"https:\/\/www.epflex.com\/en\/"},{"@type":"ListItem","position":2,"name":"NEWS"}]},{"@type":"WebSite","@id":"https:\/\/www.epflex.com\/en\/#website","url":"https:\/\/www.epflex.com\/en\/","name":"EPflex","description":"F\u00fchrungsdr\u00e4hte und Steinfangk\u00f6rbchen f\u00fcr die minimalinvasive Medizin","publisher":{"@id":"https:\/\/www.epflex.com\/en\/#organization"},"potentialAction":[{"@type":"SearchAction","target":{"@type":"EntryPoint","urlTemplate":"https:\/\/www.epflex.com\/en\/?s={search_term_string}"},"query-input":{"@type":"PropertyValueSpecification","valueRequired":true,"valueName":"search_term_string"}}],"inLanguage":"en-US"},{"@type":"Organization","@id":"https:\/\/www.epflex.com\/en\/#organization","name":"EPflex","url":"https:\/\/www.epflex.com\/en\/","logo":{"@type":"ImageObject","inLanguage":"en-US","@id":"https:\/\/www.epflex.com\/en\/#\/schema\/logo\/image\/","url":"https:\/\/www.epflex.com\/wp-content\/uploads\/2025\/11\/EPflex_Logo.svg","contentUrl":"https:\/\/www.epflex.com\/wp-content\/uploads\/2025\/11\/EPflex_Logo.svg","caption":"EPflex"},"image":{"@id":"https:\/\/www.epflex.com\/en\/#\/schema\/logo\/image\/"}}]}},"_links":{"self":[{"href":"https:\/\/www.epflex.com\/en\/wp-json\/wp\/v2\/pages\/19682","targetHints":{"allow":["GET"]}}],"collection":[{"href":"https:\/\/www.epflex.com\/en\/wp-json\/wp\/v2\/pages"}],"about":[{"href":"https:\/\/www.epflex.com\/en\/wp-json\/wp\/v2\/types\/page"}],"author":[{"embeddable":true,"href":"https:\/\/www.epflex.com\/en\/wp-json\/wp\/v2\/users\/13"}],"replies":[{"embeddable":true,"href":"https:\/\/www.epflex.com\/en\/wp-json\/wp\/v2\/comments?post=19682"}],"version-history":[{"count":0,"href":"https:\/\/www.epflex.com\/en\/wp-json\/wp\/v2\/pages\/19682\/revisions"}],"wp:attachment":[{"href":"https:\/\/www.epflex.com\/en\/wp-json\/wp\/v2\/media?parent=19682"}],"curies":[{"name":"wp","href":"https:\/\/api.w.org\/{rel}","templated":true}]}}