{"id":17341,"date":"2017-11-09T17:28:03","date_gmt":"2017-11-09T16:28:03","guid":{"rendered":"https:\/\/dev.epflex.com\/products\/stiletts\/"},"modified":"2025-12-16T12:35:26","modified_gmt":"2025-12-16T11:35:26","slug":"stylets","status":"publish","type":"page","link":"https:\/\/www.epflex.com\/en\/products\/stylets\/","title":{"rendered":"STYLETS"},"content":{"rendered":"\t\t<div data-elementor-type=\"wp-page\" data-elementor-id=\"17341\" class=\"elementor elementor-17341 elementor-16901\" data-elementor-post-type=\"page\">\n\t\t\t\t<div class=\"elementor-element elementor-element-948b31b e-flex e-con-boxed e-con e-parent\" data-id=\"948b31b\" data-element_type=\"container\" data-e-type=\"container\" data-settings=\"{&quot;background_background&quot;:&quot;classic&quot;}\">\n\t\t\t\t\t<div class=\"e-con-inner\">\n\t\t\t\t\t<\/div>\n\t\t\t\t<\/div>\n\t\t<div class=\"elementor-element elementor-element-e5a4f65 e-flex e-con-boxed e-con e-parent\" data-id=\"e5a4f65\" data-element_type=\"container\" data-e-type=\"container\">\n\t\t\t\t\t<div class=\"e-con-inner\">\n\t\t\t\t<div class=\"elementor-element elementor-element-3f329ba elementor-widget elementor-widget-heading\" data-id=\"3f329ba\" data-element_type=\"widget\" data-e-type=\"widget\" data-widget_type=\"heading.default\">\n\t\t\t\t\t<h1 class=\"elementor-heading-title elementor-size-default\">Stylets<\/h1>\t\t\t\t<\/div>\n\t\t\t\t<div class=\"elementor-element elementor-element-b98b3cc elementor-widget elementor-widget-text-editor\" data-id=\"b98b3cc\" data-element_type=\"widget\" data-e-type=\"widget\" data-widget_type=\"text-editor.default\">\n\t\t\t\t\t\t\t\t\t<p>Besides our customised stylets, we also offer a wide range of standard formats, which can be delivered from stock within shortest time.<\/p>\t\t\t\t\t\t\t\t<\/div>\n\t\t\t\t\t<\/div>\n\t\t\t\t<\/div>\n\t\t<div class=\"elementor-element elementor-element-e68dde0 e-flex e-con-boxed e-con e-parent\" data-id=\"e68dde0\" data-element_type=\"container\" data-e-type=\"container\" data-settings=\"{&quot;background_background&quot;:&quot;classic&quot;}\">\n\t\t\t\t\t<div class=\"e-con-inner\">\n\t\t\t\t<div class=\"elementor-element elementor-element-c9dea15 elementor-widget elementor-widget-text-editor\" data-id=\"c9dea15\" data-element_type=\"widget\" data-e-type=\"widget\" data-widget_type=\"text-editor.default\">\n\t\t\t\t\t\t\t\t\t<h5>ADVANTAGES<\/h5><ul><li>alternatively made of nitinol or stainless steel<\/li><li>many diameters available from stock<\/li><li>manufacturing according to individual requirements<\/li><li>grinding possible<\/li><\/ul>\t\t\t\t\t\t\t\t<\/div>\n\t\t\t\t\t<\/div>\n\t\t\t\t<\/div>\n\t\t<div class=\"elementor-element elementor-element-ea78269 e-con-full e-flex e-con e-parent\" data-id=\"ea78269\" data-element_type=\"container\" data-e-type=\"container\">\n\t\t\t\t<div class=\"elementor-element elementor-element-cfa8add elementor-arrows-position-inside elementor-widget elementor-widget-image-carousel\" data-id=\"cfa8add\" data-element_type=\"widget\" data-e-type=\"widget\" data-settings=\"{&quot;slides_to_show&quot;:&quot;3&quot;,&quot;navigation&quot;:&quot;arrows&quot;,&quot;lazyload&quot;:&quot;yes&quot;,&quot;autoplay&quot;:&quot;yes&quot;,&quot;pause_on_hover&quot;:&quot;yes&quot;,&quot;pause_on_interaction&quot;:&quot;yes&quot;,&quot;autoplay_speed&quot;:5000,&quot;infinite&quot;:&quot;yes&quot;,&quot;speed&quot;:500}\" data-widget_type=\"image-carousel.default\">\n\t\t\t\t\t\t\t<div class=\"elementor-image-carousel-wrapper swiper\" role=\"region\" aria-roledescription=\"carousel\" aria-label=\"Bild Karussell\" dir=\"ltr\">\n\t\t\t<div class=\"elementor-image-carousel swiper-wrapper swiper-image-stretch\" aria-live=\"off\">\n\t\t\t\t\t\t\t\t<div class=\"swiper-slide\" role=\"group\" aria-roledescription=\"slide\" aria-label=\"1 of 4\"><figure class=\"swiper-slide-inner\"><img class=\"swiper-slide-image swiper-lazy\" data-src=\"https:\/\/www.epflex.com\/wp-content\/uploads\/2025\/12\/epFlex__U3A8294_stiletts.jpg\" alt=\"epFlex__U3A8294_stiletts.jpg\" \/><div class=\"swiper-lazy-preloader\"><\/div><\/figure><\/div><div class=\"swiper-slide\" role=\"group\" aria-roledescription=\"slide\" aria-label=\"2 of 4\"><figure class=\"swiper-slide-inner\"><img class=\"swiper-slide-image swiper-lazy\" data-src=\"https:\/\/www.epflex.com\/wp-content\/uploads\/2025\/12\/epFlex_Reinraum_Produkte_2765_stiletts.jpg\" alt=\"epFlex_Reinraum_Produkte_2765_stiletts.jpg\" \/><div class=\"swiper-lazy-preloader\"><\/div><\/figure><\/div><div class=\"swiper-slide\" role=\"group\" aria-roledescription=\"slide\" aria-label=\"3 of 4\"><figure class=\"swiper-slide-inner\"><img class=\"swiper-slide-image swiper-lazy\" data-src=\"https:\/\/www.epflex.com\/wp-content\/uploads\/2025\/12\/epFlex__U3A7919_stillets.jpg\" alt=\"epFlex__U3A7919_stillets.jpg\" \/><div class=\"swiper-lazy-preloader\"><\/div><\/figure><\/div><div class=\"swiper-slide\" role=\"group\" aria-roledescription=\"slide\" aria-label=\"4 of 4\"><figure class=\"swiper-slide-inner\"><img class=\"swiper-slide-image swiper-lazy\" data-src=\"https:\/\/www.epflex.com\/wp-content\/uploads\/2025\/12\/epFlex_Reinraum_Produkte_2771_siletts.jpg\" alt=\"epFlex_Reinraum_Produkte_2771_siletts.jpg\" \/><div class=\"swiper-lazy-preloader\"><\/div><\/figure><\/div>\t\t\t<\/div>\n\t\t\t\t\t\t\t\t\t\t\t\t<div class=\"elementor-swiper-button elementor-swiper-button-prev\" role=\"button\" tabindex=\"0\">\n\t\t\t\t\t\t<svg aria-hidden=\"true\" class=\"e-font-icon-svg e-fas-chevron-left\" viewBox=\"0 0 320 512\" xmlns=\"http:\/\/www.w3.org\/2000\/svg\"><path d=\"M34.52 239.03L228.87 44.69c9.37-9.37 24.57-9.37 33.94 0l22.67 22.67c9.36 9.36 9.37 24.52.04 33.9L131.49 256l154.02 154.75c9.34 9.38 9.32 24.54-.04 33.9l-22.67 22.67c-9.37 9.37-24.57 9.37-33.94 0L34.52 272.97c-9.37-9.37-9.37-24.57 0-33.94z\"><\/path><\/svg>\t\t\t\t\t<\/div>\n\t\t\t\t\t<div class=\"elementor-swiper-button elementor-swiper-button-next\" role=\"button\" tabindex=\"0\">\n\t\t\t\t\t\t<svg aria-hidden=\"true\" class=\"e-font-icon-svg e-fas-chevron-right\" viewBox=\"0 0 320 512\" xmlns=\"http:\/\/www.w3.org\/2000\/svg\"><path d=\"M285.476 272.971L91.132 467.314c-9.373 9.373-24.569 9.373-33.941 0l-22.667-22.667c-9.357-9.357-9.375-24.522-.04-33.901L188.505 256 34.484 101.255c-9.335-9.379-9.317-24.544.04-33.901l22.667-22.667c9.373-9.373 24.569-9.373 33.941 0L285.475 239.03c9.373 9.372 9.373 24.568.001 33.941z\"><\/path><\/svg>\t\t\t\t\t<\/div>\n\t\t\t\t\n\t\t\t\t\t\t\t\t\t<\/div>\n\t\t\t\t\t\t<\/div>\n\t\t\t\t<\/div>\n\t\t<div class=\"elementor-element elementor-element-d86ec31 e-con-full e-flex e-con e-parent\" data-id=\"d86ec31\" data-element_type=\"container\" data-e-type=\"container\" data-settings=\"{&quot;background_background&quot;:&quot;classic&quot;}\">\n\t\t\t\t<div class=\"elementor-element elementor-element-0a5a87d elementor-widget elementor-widget-heading\" data-id=\"0a5a87d\" data-element_type=\"widget\" data-e-type=\"widget\" data-widget_type=\"heading.default\">\n\t\t\t\t\t<h2 class=\"elementor-heading-title elementor-size-default\">Your Sales Team<\/h2>\t\t\t\t<\/div>\n\t\t\t\t<div class=\"elementor-element elementor-element-0762c1a elementor-widget elementor-widget-text-editor\" data-id=\"0762c1a\" data-element_type=\"widget\" data-e-type=\"widget\" data-widget_type=\"text-editor.default\">\n\t\t\t\t\t\t\t\t\t<div class=\"wpb_text_column wpb_content_element \"><div class=\"wpb_wrapper\"><p>Marla Krauss, Yaron Schuchardt, Antonia Beck, Daniela Budimir,<br \/>Sabrina Schnizler, Angelos Deligiannis, Peidi Wang, Fabiano Fieramonte (v.l.n.r.)<\/p><p><a href=\"EPsales@epflex.com\">EPsales(at)epflex.com<\/a><\/p><\/div><\/div>\t\t\t\t\t\t\t\t<\/div>\n\t\t\t\t<div class=\"elementor-element elementor-element-06cecc1 elementor-widget elementor-widget-image\" data-id=\"06cecc1\" data-element_type=\"widget\" data-e-type=\"widget\" data-widget_type=\"image.default\">\n\t\t\t\t\t\t\t\t\t\t\t\t\t\t\t<img fetchpriority=\"high\" decoding=\"async\" width=\"800\" height=\"599\" src=\"https:\/\/www.epflex.com\/wp-content\/uploads\/2025\/12\/Vertrieb_Gruppenfoto01_webG-1024x767.jpg\" class=\"attachment-large size-large wp-image-28691\" alt=\"\" srcset=\"https:\/\/www.epflex.com\/wp-content\/uploads\/2025\/12\/Vertrieb_Gruppenfoto01_webG-1024x767.jpg 1024w, https:\/\/www.epflex.com\/wp-content\/uploads\/2025\/12\/Vertrieb_Gruppenfoto01_webG-300x225.jpg 300w, https:\/\/www.epflex.com\/wp-content\/uploads\/2025\/12\/Vertrieb_Gruppenfoto01_webG-768x576.jpg 768w, https:\/\/www.epflex.com\/wp-content\/uploads\/2025\/12\/Vertrieb_Gruppenfoto01_webG-1536x1151.jpg 1536w, https:\/\/www.epflex.com\/wp-content\/uploads\/2025\/12\/Vertrieb_Gruppenfoto01_webG.jpg 1920w\" sizes=\"(max-width: 800px) 100vw, 800px\" \/>\t\t\t\t\t\t\t\t\t\t\t\t\t\t\t<\/div>\n\t\t\t\t<\/div>\n\t\t<div class=\"elementor-element elementor-element-753a114 e-flex e-con-boxed e-con e-parent\" data-id=\"753a114\" data-element_type=\"container\" data-e-type=\"container\" data-settings=\"{&quot;background_background&quot;:&quot;classic&quot;}\">\n\t\t\t\t\t<div class=\"e-con-inner\">\n\t\t\t\t<div class=\"elementor-element elementor-element-1729bd4 epflex-form elementor-widget elementor-widget-shortcode\" data-id=\"1729bd4\" data-element_type=\"widget\" data-e-type=\"widget\" data-widget_type=\"shortcode.default\">\n\t\t\t\t\t\t\t<div class=\"elementor-shortcode\">\n<div class=\"wpcf7 no-js\" id=\"wpcf7-f16894-o1\" lang=\"de-DE\" dir=\"ltr\" data-wpcf7-id=\"16894\">\n<div class=\"screen-reader-response\"><p role=\"status\" aria-live=\"polite\" aria-atomic=\"true\"><\/p> <ul><\/ul><\/div>\n<form action=\"\/en\/wp-json\/wp\/v2\/pages\/17341#wpcf7-f16894-o1\" method=\"post\" class=\"wpcf7-form init\" aria-label=\"Kontaktformular\" novalidate=\"novalidate\" data-status=\"init\">\n<fieldset class=\"hidden-fields-container\"><input type=\"hidden\" name=\"_wpcf7\" value=\"16894\" \/><input type=\"hidden\" name=\"_wpcf7_version\" value=\"6.1.5\" \/><input type=\"hidden\" name=\"_wpcf7_locale\" value=\"de_DE\" \/><input type=\"hidden\" name=\"_wpcf7_unit_tag\" value=\"wpcf7-f16894-o1\" \/><input type=\"hidden\" name=\"_wpcf7_container_post\" value=\"0\" \/><input type=\"hidden\" name=\"_wpcf7_posted_data_hash\" value=\"\" \/>\n<\/fieldset>\n<div class=\"leftCol\">\n\t<p><span class=\"wpcf7-form-control-wrap\" data-name=\"your-name\"><input size=\"40\" maxlength=\"400\" class=\"wpcf7-form-control wpcf7-text wpcf7-validates-as-required\" aria-required=\"true\" aria-invalid=\"false\" placeholder=\"Name\" value=\"\" type=\"text\" name=\"your-name\" \/><\/span>\n\t<\/p>\n\t<p><span class=\"wpcf7-form-control-wrap\" data-name=\"your-email\"><input size=\"40\" maxlength=\"400\" class=\"wpcf7-form-control wpcf7-email wpcf7-validates-as-required wpcf7-text wpcf7-validates-as-email\" aria-required=\"true\" aria-invalid=\"false\" placeholder=\"E-Mail\" value=\"\" type=\"email\" name=\"your-email\" \/><\/span>\n\t<\/p>\n\t<p><span class=\"wpcf7-form-control-wrap\" data-name=\"your-message\"><textarea cols=\"40\" rows=\"10\" maxlength=\"2000\" class=\"wpcf7-form-control wpcf7-textarea wpcf7-validates-as-required\" aria-required=\"true\" aria-invalid=\"false\" placeholder=\"Message\" name=\"your-message\"><\/textarea><\/span>\n\t<\/p>\n<\/div>\n<div class=\"rightCol\">\n\t<p><span class=\"wpcf7-form-control-wrap\" data-name=\"acceptance-35\"><span class=\"wpcf7-form-control wpcf7-acceptance\"><span class=\"wpcf7-list-item\"><label><input type=\"checkbox\" name=\"acceptance-35\" value=\"1\" aria-invalid=\"false\" \/><span class=\"wpcf7-list-item-label\">I agree that my data from the contact form will be collected and processed to answer my request. The data will be deleted after the processing of your request has been completed. Note: You can revoke your consent for the future at any time by sending an e-mail to Datenschutz-Team(at)epflex.com. Detailed information on the handling of user data can be found in our <a href=\"https:\/\/www.epflex.com\/en\/privacy-policy\/\">privacy policy<\/a>\n.<\/span><\/label><\/span><\/span><\/span>\n\t<\/p>\n\t<p><input class=\"wpcf7-form-control wpcf7-submit has-spinner\" type=\"submit\" value=\"Send\" \/>\n\t<\/p>\n<\/div><div class=\"wpcf7-response-output\" aria-hidden=\"true\"><\/div>\n<\/form>\n<\/div>\n<\/div>\n\t\t\t\t\t\t<\/div>\n\t\t\t\t\t<\/div>\n\t\t\t\t<\/div>\n\t\t\t\t<\/div>\n\t\t","protected":false},"excerpt":{"rendered":"<p>Stylets Besides our customised stylets, we also offer a wide range of standard formats, which can be delivered from stock within shortest time. ADVANTAGES alternatively made of nitinol or stainless steel many diameters available from stock manufacturing according to individual requirements grinding possible Your Sales Team Marla Krauss, Yaron Schuchardt, Antonia Beck, Daniela Budimir,Sabrina Schnizler, [&hellip;]<\/p>\n","protected":false},"author":1,"featured_media":0,"parent":17116,"menu_order":0,"comment_status":"closed","ping_status":"open","template":"","meta":{"inline_featured_image":false,"footnotes":""},"class_list":["post-17341","page","type-page","status-publish","hentry"],"yoast_head":"<!-- This site is optimized with the Yoast SEO plugin v27.5 - https:\/\/yoast.com\/product\/yoast-seo-wordpress\/ -->\n<title>Stylets | Standard &amp; Customised | Nitinol &amp; Stainless Steel<\/title>\n<meta name=\"description\" content=\"To guarantee you the highest quality, we only use nitinol or stainless steel for our stylets | Individual production.\" \/>\n<meta name=\"robots\" content=\"index, follow, max-snippet:-1, max-image-preview:large, max-video-preview:-1\" \/>\n<link rel=\"canonical\" href=\"https:\/\/www.epflex.com\/en\/products\/stylets\/\" \/>\n<meta property=\"og:locale\" content=\"en_US\" \/>\n<meta property=\"og:type\" content=\"article\" \/>\n<meta property=\"og:title\" content=\"Stylets | Standard &amp; Customised | Nitinol &amp; Stainless Steel\" \/>\n<meta property=\"og:description\" content=\"To guarantee you the highest quality, we only use nitinol or stainless steel for our stylets | Individual production.\" \/>\n<meta property=\"og:url\" content=\"https:\/\/www.epflex.com\/en\/products\/stylets\/\" \/>\n<meta property=\"og:site_name\" content=\"EPflex\" \/>\n<meta property=\"article:modified_time\" content=\"2025-12-16T11:35:26+00:00\" \/>\n<meta property=\"og:image\" content=\"https:\/\/www.epflex.com\/wp-content\/uploads\/2025\/12\/epFlex__U3A8294_stiletts.jpg\" \/>\n<meta name=\"twitter:card\" content=\"summary_large_image\" \/>\n<meta name=\"twitter:label1\" content=\"Est. reading time\" \/>\n\t<meta name=\"twitter:data1\" content=\"3 minutes\" \/>\n<script type=\"application\/ld+json\" class=\"yoast-schema-graph\">{\"@context\":\"https:\\\/\\\/schema.org\",\"@graph\":[{\"@type\":\"WebPage\",\"@id\":\"https:\\\/\\\/www.epflex.com\\\/en\\\/products\\\/stylets\\\/\",\"url\":\"https:\\\/\\\/www.epflex.com\\\/en\\\/products\\\/stylets\\\/\",\"name\":\"Stylets | Standard & Customised | Nitinol & Stainless Steel\",\"isPartOf\":{\"@id\":\"https:\\\/\\\/www.epflex.com\\\/en\\\/#website\"},\"primaryImageOfPage\":{\"@id\":\"https:\\\/\\\/www.epflex.com\\\/en\\\/products\\\/stylets\\\/#primaryimage\"},\"image\":{\"@id\":\"https:\\\/\\\/www.epflex.com\\\/en\\\/products\\\/stylets\\\/#primaryimage\"},\"thumbnailUrl\":\"https:\\\/\\\/www.epflex.com\\\/wp-content\\\/uploads\\\/2025\\\/12\\\/epFlex__U3A8294_stiletts.jpg\",\"datePublished\":\"2017-11-09T16:28:03+00:00\",\"dateModified\":\"2025-12-16T11:35:26+00:00\",\"description\":\"To guarantee you the highest quality, we only use nitinol or stainless steel for our stylets | Individual production.\",\"breadcrumb\":{\"@id\":\"https:\\\/\\\/www.epflex.com\\\/en\\\/products\\\/stylets\\\/#breadcrumb\"},\"inLanguage\":\"en-US\",\"potentialAction\":[{\"@type\":\"ReadAction\",\"target\":[\"https:\\\/\\\/www.epflex.com\\\/en\\\/products\\\/stylets\\\/\"]}]},{\"@type\":\"ImageObject\",\"inLanguage\":\"en-US\",\"@id\":\"https:\\\/\\\/www.epflex.com\\\/en\\\/products\\\/stylets\\\/#primaryimage\",\"url\":\"https:\\\/\\\/www.epflex.com\\\/wp-content\\\/uploads\\\/2025\\\/12\\\/epFlex__U3A8294_stiletts.jpg\",\"contentUrl\":\"https:\\\/\\\/www.epflex.com\\\/wp-content\\\/uploads\\\/2025\\\/12\\\/epFlex__U3A8294_stiletts.jpg\"},{\"@type\":\"BreadcrumbList\",\"@id\":\"https:\\\/\\\/www.epflex.com\\\/en\\\/products\\\/stylets\\\/#breadcrumb\",\"itemListElement\":[{\"@type\":\"ListItem\",\"position\":1,\"name\":\"Startseite\",\"item\":\"https:\\\/\\\/www.epflex.com\\\/en\\\/\"},{\"@type\":\"ListItem\",\"position\":2,\"name\":\"PRODUCTS\",\"item\":\"https:\\\/\\\/www.epflex.com\\\/en\\\/products\\\/\"},{\"@type\":\"ListItem\",\"position\":3,\"name\":\"STYLETS\"}]},{\"@type\":\"WebSite\",\"@id\":\"https:\\\/\\\/www.epflex.com\\\/en\\\/#website\",\"url\":\"https:\\\/\\\/www.epflex.com\\\/en\\\/\",\"name\":\"EPflex\",\"description\":\"F\u00fchrungsdr\u00e4hte und Steinfangk\u00f6rbchen f\u00fcr die minimalinvasive Medizin\",\"publisher\":{\"@id\":\"https:\\\/\\\/www.epflex.com\\\/en\\\/#organization\"},\"potentialAction\":[{\"@type\":\"SearchAction\",\"target\":{\"@type\":\"EntryPoint\",\"urlTemplate\":\"https:\\\/\\\/www.epflex.com\\\/en\\\/?s={search_term_string}\"},\"query-input\":{\"@type\":\"PropertyValueSpecification\",\"valueRequired\":true,\"valueName\":\"search_term_string\"}}],\"inLanguage\":\"en-US\"},{\"@type\":\"Organization\",\"@id\":\"https:\\\/\\\/www.epflex.com\\\/en\\\/#organization\",\"name\":\"EPflex\",\"url\":\"https:\\\/\\\/www.epflex.com\\\/en\\\/\",\"logo\":{\"@type\":\"ImageObject\",\"inLanguage\":\"en-US\",\"@id\":\"https:\\\/\\\/www.epflex.com\\\/en\\\/#\\\/schema\\\/logo\\\/image\\\/\",\"url\":\"https:\\\/\\\/www.epflex.com\\\/wp-content\\\/uploads\\\/2025\\\/11\\\/EPflex_Logo.svg\",\"contentUrl\":\"https:\\\/\\\/www.epflex.com\\\/wp-content\\\/uploads\\\/2025\\\/11\\\/EPflex_Logo.svg\",\"caption\":\"EPflex\"},\"image\":{\"@id\":\"https:\\\/\\\/www.epflex.com\\\/en\\\/#\\\/schema\\\/logo\\\/image\\\/\"}}]}<\/script>\n<!-- \/ Yoast SEO plugin. -->","yoast_head_json":{"title":"Stylets | Standard & Customised | Nitinol & Stainless Steel","description":"To guarantee you the highest quality, we only use nitinol or stainless steel for our stylets | Individual production.","robots":{"index":"index","follow":"follow","max-snippet":"max-snippet:-1","max-image-preview":"max-image-preview:large","max-video-preview":"max-video-preview:-1"},"canonical":"https:\/\/www.epflex.com\/en\/products\/stylets\/","og_locale":"en_US","og_type":"article","og_title":"Stylets | Standard & Customised | Nitinol & Stainless Steel","og_description":"To guarantee you the highest quality, we only use nitinol or stainless steel for our stylets | Individual production.","og_url":"https:\/\/www.epflex.com\/en\/products\/stylets\/","og_site_name":"EPflex","article_modified_time":"2025-12-16T11:35:26+00:00","og_image":[{"url":"https:\/\/www.epflex.com\/wp-content\/uploads\/2025\/12\/epFlex__U3A8294_stiletts.jpg","type":"","width":"","height":""}],"twitter_card":"summary_large_image","twitter_misc":{"Est. reading time":"3 minutes"},"schema":{"@context":"https:\/\/schema.org","@graph":[{"@type":"WebPage","@id":"https:\/\/www.epflex.com\/en\/products\/stylets\/","url":"https:\/\/www.epflex.com\/en\/products\/stylets\/","name":"Stylets | Standard & Customised | Nitinol & Stainless Steel","isPartOf":{"@id":"https:\/\/www.epflex.com\/en\/#website"},"primaryImageOfPage":{"@id":"https:\/\/www.epflex.com\/en\/products\/stylets\/#primaryimage"},"image":{"@id":"https:\/\/www.epflex.com\/en\/products\/stylets\/#primaryimage"},"thumbnailUrl":"https:\/\/www.epflex.com\/wp-content\/uploads\/2025\/12\/epFlex__U3A8294_stiletts.jpg","datePublished":"2017-11-09T16:28:03+00:00","dateModified":"2025-12-16T11:35:26+00:00","description":"To guarantee you the highest quality, we only use nitinol or stainless steel for our stylets | Individual production.","breadcrumb":{"@id":"https:\/\/www.epflex.com\/en\/products\/stylets\/#breadcrumb"},"inLanguage":"en-US","potentialAction":[{"@type":"ReadAction","target":["https:\/\/www.epflex.com\/en\/products\/stylets\/"]}]},{"@type":"ImageObject","inLanguage":"en-US","@id":"https:\/\/www.epflex.com\/en\/products\/stylets\/#primaryimage","url":"https:\/\/www.epflex.com\/wp-content\/uploads\/2025\/12\/epFlex__U3A8294_stiletts.jpg","contentUrl":"https:\/\/www.epflex.com\/wp-content\/uploads\/2025\/12\/epFlex__U3A8294_stiletts.jpg"},{"@type":"BreadcrumbList","@id":"https:\/\/www.epflex.com\/en\/products\/stylets\/#breadcrumb","itemListElement":[{"@type":"ListItem","position":1,"name":"Startseite","item":"https:\/\/www.epflex.com\/en\/"},{"@type":"ListItem","position":2,"name":"PRODUCTS","item":"https:\/\/www.epflex.com\/en\/products\/"},{"@type":"ListItem","position":3,"name":"STYLETS"}]},{"@type":"WebSite","@id":"https:\/\/www.epflex.com\/en\/#website","url":"https:\/\/www.epflex.com\/en\/","name":"EPflex","description":"F\u00fchrungsdr\u00e4hte und Steinfangk\u00f6rbchen f\u00fcr die minimalinvasive Medizin","publisher":{"@id":"https:\/\/www.epflex.com\/en\/#organization"},"potentialAction":[{"@type":"SearchAction","target":{"@type":"EntryPoint","urlTemplate":"https:\/\/www.epflex.com\/en\/?s={search_term_string}"},"query-input":{"@type":"PropertyValueSpecification","valueRequired":true,"valueName":"search_term_string"}}],"inLanguage":"en-US"},{"@type":"Organization","@id":"https:\/\/www.epflex.com\/en\/#organization","name":"EPflex","url":"https:\/\/www.epflex.com\/en\/","logo":{"@type":"ImageObject","inLanguage":"en-US","@id":"https:\/\/www.epflex.com\/en\/#\/schema\/logo\/image\/","url":"https:\/\/www.epflex.com\/wp-content\/uploads\/2025\/11\/EPflex_Logo.svg","contentUrl":"https:\/\/www.epflex.com\/wp-content\/uploads\/2025\/11\/EPflex_Logo.svg","caption":"EPflex"},"image":{"@id":"https:\/\/www.epflex.com\/en\/#\/schema\/logo\/image\/"}}]}},"_links":{"self":[{"href":"https:\/\/www.epflex.com\/en\/wp-json\/wp\/v2\/pages\/17341","targetHints":{"allow":["GET"]}}],"collection":[{"href":"https:\/\/www.epflex.com\/en\/wp-json\/wp\/v2\/pages"}],"about":[{"href":"https:\/\/www.epflex.com\/en\/wp-json\/wp\/v2\/types\/page"}],"author":[{"embeddable":true,"href":"https:\/\/www.epflex.com\/en\/wp-json\/wp\/v2\/users\/1"}],"replies":[{"embeddable":true,"href":"https:\/\/www.epflex.com\/en\/wp-json\/wp\/v2\/comments?post=17341"}],"version-history":[{"count":0,"href":"https:\/\/www.epflex.com\/en\/wp-json\/wp\/v2\/pages\/17341\/revisions"}],"up":[{"embeddable":true,"href":"https:\/\/www.epflex.com\/en\/wp-json\/wp\/v2\/pages\/17116"}],"wp:attachment":[{"href":"https:\/\/www.epflex.com\/en\/wp-json\/wp\/v2\/media?parent=17341"}],"curies":[{"name":"wp","href":"https:\/\/api.w.org\/{rel}","templated":true}]}}